{"id":2,"date":"2019-08-05T00:20:27","date_gmt":"2019-08-04T23:20:27","guid":{"rendered":"https:\/\/persianasunoxuno.com.co\/?page_id=2"},"modified":"2026-04-15T22:49:19","modified_gmt":"2026-04-15T21:49:19","slug":"inicio-2","status":"publish","type":"page","link":"https:\/\/persianasunoxuno.com.co\/en\/","title":{"rendered":"start"},"content":{"rendered":"\n\n\t\n\t\t\t\t<p class=\"rs-p-wp-fix\"><\/p>\n\t\t\t\t<sr7-module data-alias=\"film-strip\" data-id=\"1\" id=\"SR7_1_1\" data-version=\"6.7.51\">\n\t\t\t\t\t<sr7-adjuster><\/sr7-adjuster>\n\t\t\t\t\t<sr7-content>\n\t\t\t\t\t\t<sr7-slide id=\"SR7_1_1-13\" data-key=\"13\">\n\t\t\t\t\t\t\t<sr7-bg id=\"SR7_1_1-13-slidebg\" class=\"sr7-layer\"><noscript><img decoding=\"async\" src=\"https:\/\/persianasunoxuno.com.co\/wp-content\/uploads\/Portada-banner-Cortinas-en-tela.jpg\" alt=\"\" title=\"Portada banner Cortinas en tela\"><\/noscript><\/sr7-bg>\n\t\t\t\t\t\t\t<a id=\"SR7_1_1-13-6\" class=\"sr7-layer\" href=\"https:\/\/persianasunoxuno.com.co\/onda-textil\/\" target=\"_blank\" rel=\"noopener\">Ver m\u00e1s<\/a>\n\t\t\t\t\t\t\t<sr7-txt id=\"SR7_1_1-13-12\" class=\"sr7-layer\">Cortinas en Tela<br \/>\n<\/sr7-txt>\n\t\t\t\t\t\t<\/sr7-slide>\n\t\t\t\t\t\t<sr7-slide id=\"SR7_1_1-9\" data-key=\"9\">\n\t\t\t\t\t\t\t<sr7-bg id=\"SR7_1_1-9-slidebg\" class=\"sr7-layer\"><noscript><img decoding=\"async\" src=\"https:\/\/persianasunoxuno.com.co\/wp-content\/uploads\/banner-persinas.png\" alt=\"\" title=\"banner persinas\"><\/noscript><\/sr7-bg>\n\t\t\t\t\t\t\t<a id=\"SR7_1_1-9-6\" class=\"sr7-layer\" href=\"https:\/\/persianasunoxuno.com.co\/persianas-verticales\/\" target=\"_blank\" rel=\"noopener\">Ver m\u00e1s<\/a>\n\t\t\t\t\t\t\t<sr7-txt id=\"SR7_1_1-9-22\" class=\"sr7-layer\">Persianas Verticales<\/sr7-txt>\n\t\t\t\t\t\t\t<sr7-txt id=\"SR7_1_1-9-23\" class=\"sr7-layer\">Estilo que se adapta al movimiento de tu espacio<\/sr7-txt>\n\t\t\t\t\t\t<\/sr7-slide>\n\t\t\t\t\t\t<sr7-slide id=\"SR7_1_1-10\" data-key=\"10\">\n\t\t\t\t\t\t\t<sr7-bg id=\"SR7_1_1-10-slidebg\" class=\"sr7-layer\"><noscript><img decoding=\"async\" src=\"https:\/\/persianasunoxuno.nyc3.digitaloceanspaces.com\/PORTADA-BANNER-IMPRESION-DIGITAL-PERSONALIZACION-2.jpg\" alt=\"portada banner impresion digital personalizacion\" title=\"portada banner impresion digital personalizacion\"><\/noscript><\/sr7-bg>\n\t\t\t\t\t\t\t<sr7-txt id=\"SR7_1_1-10-0\" class=\"sr7-layer\">L\u00f3gralo a trav\u00e9s de impresi\u00f3n digital<\/sr7-txt>\n\t\t\t\t\t\t\t<a id=\"SR7_1_1-10-6\" class=\"sr7-layer\" href=\"https:\/\/persianasunoxuno.com.co\/impresion-digital\/\" target=\"_blank\" rel=\"noopener\">Ver m\u00e1s<\/a>\n\t\t\t\t\t\t\t<sr7-txt id=\"SR7_1_1-10-28\" class=\"sr7-layer\">Personalizar tus Persianas<br \/> es Posible <\/sr7-txt>\n\t\t\t\t\t\t<\/sr7-slide>\n\t\t\t\t\t\t<sr7-slide id=\"SR7_1_1-11\" data-key=\"11\">\n\t\t\t\t\t\t\t<sr7-bg id=\"SR7_1_1-11-slidebg\" class=\"sr7-layer\"><noscript><img decoding=\"async\" src=\"https:\/\/persianasunoxuno.nyc3.digitaloceanspaces.com\/Habitacion3.jpg\" alt=\"\" title=\"Habitacion\"><\/noscript><\/sr7-bg>\n\t\t\t\t\t\t\t<sr7-txt id=\"SR7_1_1-11-0\" class=\"sr7-layer\">Decoraci\u00f3n  Ideal<\/sr7-txt>\n\t\t\t\t\t\t\t<a id=\"SR7_1_1-11-6\" class=\"sr7-layer\" href=\"https:\/\/persianasunoxuno.com.co\/screen\/\" target=\"_blank\" rel=\"noopener\">Ver m\u00e1s<\/a>\n\t\t\t\t\t\t\t<sr7-txt id=\"SR7_1_1-11-14\" class=\"sr7-layer\">Con nuestras PERSIANAS SCREEN, <br>logras privacidad sin perder la luz natural del d\u00eda<\/sr7-txt>\n\t\t\t\t\t\t<\/sr7-slide>\n\t\t\t\t\t\t<sr7-slide id=\"SR7_1_1-12\" data-key=\"12\">\n\t\t\t\t\t\t\t<p id=\"SR7_1_1-12-0\" class=\"sr7-layer\">Conoce todas las opciones que tenemos para ti\u00a0<\/p>\n\t\t\t\t\t\t\t<a id=\"SR7_1_1-12-6\" class=\"sr7-layer\" href=\"https:\/\/persianasunoxuno.com.co\/sheer\/\" target=\"_blank\" rel=\"noopener\">Ver m\u00e1s<\/a>\n\t\t\t\t\t\t\t<sr7-txt id=\"SR7_1_1-12-31\" class=\"sr7-layer\">Persianas SHEER<\/sr7-txt>\n\t\t\t\t\t\t<\/sr7-slide>\n\t\t\t\t\t\t<sr7-slide id=\"SR7_1_1-15\" data-key=\"15\">\n\t\t\t\t\t\t<\/sr7-slide>\n\t\t\t\t\t<\/sr7-content>\n\t\t\t\t<\/sr7-module>\n\t\t\t\t<script>\n\t\t\t\t\twindow.SR7 ??={};SR7.PMH ??={}; SR7.PMH[\"SR7_1_1\"] = {cn:100,state:false,fn: function() { if (window._tpt!==undefined && window._tpt.prepareModuleHeight !== undefined) {  _tpt.prepareModuleHeight({id:\"SR7_1_1\",el:[650,650,650,700],type:'standard',shdw:'0',gh:[650,650,650,700],gw:[1240,1240,1240,480],vpt:['-200px'],size:{fullWidth:true, fullHeight:false},mh:'0',onh:0,onw:0,bg:{color:'#eeeeee'},plType:'-1',plColor:'#FFFFFF'});   SR7.PMH[\"SR7_1_1\"].state=true;} else if(SR7.PMH[\"SR7_1_1\"].cn-->0)\tsetTimeout( SR7.PMH[\"SR7_1_1\"].fn,19);}};SR7.PMH[\"SR7_1_1\" ].fn();\n\t\t\t\t<\/script>\n\n    <html>\n\t\t<p>SOY<br \/>DISTRIBUIDOR<\/p>\n\t\t\t\t<a href=\"https:\/\/fiduciariadigital.skandia.com.co\/migo\/tesorero-digital\/client\/unoxuno\" target=\"_blank\" rel=\"noopener\">\n\t\t\t\t\t<img decoding=\"async\" src=\"https:\/\/eruditus.sfo2.digitaloceanspaces.com\/cdn\/logos\/pse.png\" alt=\"PAGOS PSE\"\/>\n\t\t\t\t<\/a>\n\t\t\t\t<p>PAGOS PSE<\/p>\n\t\t\t\t<a href=\"https:\/\/eco.credibanco.com\/payment\/docsite\/payform-1.html?token=utpk4smtqjs41klqo86p2608u1&#038;ask=amount&#038;def=%7B%22iva%22:%220.00%22%7D&#038;ask=email&#038;ask=%7B%22name%22:%22nombres%22,%22placeholder%22:%22Nombre%2520completo%2520m%25C3%25A1ximo%252050%22,%22label%22:%22Nombre%2520y%2520Apellidos%22,%22value%22:%22%22,%22readOnly%22:%22false%22,%22regexp%22:%22%255E%255Ba-zA-Z%25C3%25A1%25C3%25A9%25C3%25AD%25C3%25B3%25C3%25BA%25C3%2581%25C3%2589%25C3%258D%25C3%2593%25C3%259A%25C3%25B1%25C3%2591%2520%255D%257B5%252C50%257D%2524%22%7D&#038;ask=%7B%22name%22:%22identificacion%22,%22placeholder%22:%22Nit%2520sin%2520campo%2520de%2520validaci%25C3%25B3n%22,%22label%22:%22Identificacion%22,%22value%22:%22%22,%22readOnly%22:%22false%22,%22regexp%22:%22%255E%255B1-9%255D%255B0-9%255D%257B5%252C19%257D%2524%22%7D&#038;ask=%7B%22name%22:%22NumFactura%22,%22placeholder%22:%22Factura%2520o%2520Pedido%22,%22label%22:%22N%25C3%25BAmero%2520Factura%2520o%2520Pedido%22,%22value%22:%22%22,%22readOnly%22:%22false%22,%22regexp%22:%22%22%7D&#038;ask=%7B%22name%22:%22pagar_a%22,%22placeholder%22:%22%22,%22label%22:%22Pagar%2520a%22,%22value%22:%22Persianas%22,%22readOnly%22:%22false%22,%22regexp%22:%22%22%7D\" target=\"_blank\" rel=\"noopener\">\n\t\t\t\t\t<img decoding=\"async\" src=\"https:\/\/eruditus.sfo2.digitaloceanspaces.com\/cdn\/credibanco-flotante.png\" alt=\"PAGOS CON TARJETA\"\/>\n\t\t\t\t<\/a>\n\t\t\t\t<p>PAGOS CON TARJETA<\/p>\n\t\t\t\t<a href=\"http:\/\/cotizador.textiles1x1.com\/\" target=\"_blank\" rel=\"noopener\">\n\t\t\t\t\t<img decoding=\"async\" src=\"https:\/\/eruditus.sfo2.digitaloceanspaces.com\/cdn\/cotizador-flotante.png\" alt=\"COTIZADOR\"\/>\n\t\t\t\t<\/a>\n\t\t\t\t<p>COTIZADOR<\/p>\n\t\t\t\t<a href=\"#contacto\">\n\t\t\t\t\t<img decoding=\"async\" src=\"https:\/\/eruditus.sfo2.digitaloceanspaces.com\/cdn\/logos\/icono_cotizaciones.png\" alt=\"cotizacion\"\/>\n\t\t\t\t<\/a>\n\t\t\t\t<p>REALICE SU<br \/>COTIZACI\u00d3N<\/p>\n<\/html>\n\t<p><strong>SISTEMAS DE PERSIANAS<\/strong><\/p>\n\t\t\t\t\t\t\t<a href=\"https:\/\/persianasunoxuno.com.co\/enrollable\/\" target=\"_self\">\n\t\t\t\t\t\t\t\t\t\t<h2>ENROLLABLE<\/h2>\n\t\t\t\t\t\t\t\t<p>_______<\/p>\t\t\t\t\t\t\t\n\t\t\t\t\t\t\t\t\t<\/a>\n\t\t\t\t\t\t\t<a href=\"https:\/\/persianasunoxuno.com.co\/sheer-sheer-screen-sheer-montblanc\/\" target=\"_self\">\n\t\t\t\t\t\t\t\t\t\t<h2>SHEER \/ SHEER SCREEN \/ SHEER MONTBLANC<\/h2>\n\t\t\t\t\t\t\t\t<p>_______<\/p>\t\t\t\t\t\t\t\n\t\t\t\t\t\t\t\t\t<\/a>\n\t\t\t\t\t\t\t<a href=\"https:\/\/persianasunoxuno.com.co\/persianas-verticales\/\" target=\"_self\">\n\t\t\t\t\t\t\t\t\t\t<h2>PERSIANAS VERTICALES<\/h2>\n\t\t\t\t\t\t\t\t<p>_______<\/p>\t\t\t\t\t\t\t\n\t\t\t\t\t\t\t\t\t<\/a>\n\t\t\t\t\t\t\t<a href=\"https:\/\/persianasunoxuno.com.co\/toldo-vertical\" target=\"_self\">\n\t\t\t\t\t\t\t\t\t\t<h2>TOLDO VERTICAL<\/h2>\n\t\t\t\t\t\t\t\t<p>_______<\/p>\t\t\t\t\t\t\t\n\t\t\t\t\t\t\t\t\t<\/a>\n\t\t\t\t\t\t\t<a href=\"https:\/\/persianasunoxuno.com.co\/panel-japones\/\" target=\"_self\">\n\t\t\t\t\t\t\t\t\t\t<h2>PANEL JAPONES<\/h2>\n\t\t\t\t\t\t\t\t<p>_______<\/p>\t\t\t\t\t\t\t\n\t\t\t\t\t\t\t\t\t<\/a>\n\t\t\t\t\t\t\t<a href=\"https:\/\/persianasunoxuno.com.co\/impresion-digital\/\" target=\"_self\">\n\t\t\t\t\t\t\t\t\t\t<h2>PERSONALIZACI\u00d3N<\/h2>\n\t\t\t\t\t\t\t\t<p>Impresi\u00f3n Digital<\/p>\t\t\t\t\t\t\t\n\t\t\t\t\t\t\t\t\t<\/a>\n\t\t\t\t\t\t\t<a href=\"https:\/\/persianasunoxuno.com.co\/romana\/\" target=\"_self\">\n\t\t\t\t\t\t\t\t\t\t<h2>ROMANA<\/h2>\n\t\t\t\t\t\t\t\t<p>_______<\/p>\t\t\t\t\t\t\t\n\t\t\t\t\t\t\t\t\t<\/a>\n\t\t\t\t\t\t\t<a href=\"https:\/\/persianasunoxuno.com.co\/sistema-motorizado-y-automatizacion\/\" target=\"_self\">\n\t\t\t\t\t\t\t\t\t\t<h2>MOTORIZACI\u00d3N <br \/>Y AUTOMATIZACI\u00d3N<\/h2>\n\t\t\t\t\t\t\t\t<p>_______<\/p>\t\t\t\t\t\t\t\n\t\t\t\t\t\t\t\t\t<\/a>\n\t\t\t\t\t\t\t<a href=\"https:\/\/persianasunoxuno.com.co\/onda-textil\/\" target=\"_self\">\n\t\t\t\t\t\t\t\t\t\t<h2>CORTINAS EN TELA<\/h2>\n\t\t\t\t\t\t\t\t<p>_______<\/p>\t\t\t\t\t\t\t\n\t\t\t\t\t\t\t\t\t<\/a>\n<p><strong>PORTAFOLIO DE TELAS<\/strong><\/p>\n\t\t\t<a href=\"https:\/\/persianasunoxuno.com.co\/nueva-coleccion\/\" target=\"_self\"   role=\"button\" aria-label=\"NUEVA COLECCI\u00d3N\">\n\t\t\t\t\t\t\tNUEVA COLECCI\u00d3N\n\t\t<\/a>\n\t\t\t<a href=\"https:\/\/persianasunoxuno.com.co\/onda-textil\/\" target=\"_self\"   role=\"button\" aria-label=\"TELAS PARA CORTINAS\">\n\t\t\t\t\t\t\tTELAS PARA CORTINAS\n\t\t<\/a>\n\t\t\t<a href=\"https:\/\/persianasunoxuno.com.co\/categoria-producto\/decorativa\/\" target=\"_self\"   role=\"button\" aria-label=\"DECORATIVOS\">\n\t\t\t\t\t\t\tDECORATIVOS\n\t\t<\/a>\n\t\t\t<a href=\"https:\/\/persianasunoxuno.com.co\/categoria-producto\/sheer\/\" target=\"_self\"   role=\"button\" aria-label=\"SHEER\">\n\t\t\t\t\t\t\tSHEER\n\t\t<\/a>\n\t\t\t<a href=\"https:\/\/persianasunoxuno.com.co\/categoria-producto\/screen\/\" target=\"_self\"   role=\"button\" aria-label=\"SCREEN\">\n\t\t\t\t\t\t\tSCREEN\n\t\t<\/a>\n\t\t\t<a href=\"https:\/\/persianasunoxuno.com.co\/categoria-producto\/blackout\/\" target=\"_self\"   role=\"button\" aria-label=\"BLACKOUT\">\n\t\t\t\t\t\t\tBLACKOUT\n\t\t<\/a>\n\t\t\t<a href=\"https:\/\/persianasunoxuno.com.co\/fichas-tecnicas\/\" target=\"_self\"   role=\"button\" aria-label=\"FICHAS T\u00c9CNICAS\">\n\t\t\t\t\t\t\t\t\t\t\tFICHAS T\u00c9CNICAS\n\t\t<\/a>\n\t\t\t\t\t\t\t<a href=\"https:\/\/persianasunoxuno.com.co\/academia-de-persianeros\/\" target=\"_self\">\n\t\t\t\t\t\t\t\t\t\t<h3>ACADEMIA DE PERSIANEROS<\/h3>\n\t\t\t\t\t\t\t\t<p>_______<\/p>\t\t\t\t\t\t\t\n\t\t\t\t\t\t\t\t\t<\/a>\n<h2>\n\t\t\tTendencias\t<\/h2>\n<h1>\n\t\t\tInf\u00f3rmate sobre las tendencias, lanzamientos de productos, participaci\u00f3n en ferias, innovaci\u00f3n, decoraci\u00f3n y m\u00e1s\u00a0\t<\/h1>\n\t<p>&nbsp;<\/p>\n<p><strong>CERTIFICACIONES<\/strong><\/p>\n\t\t\t<a href=\"https:\/\/persianasunoxuno.com.co\/certificaciones\/\"  target=\"_self\">\n\t\t\t\t\t\t\tVer m\u00e1s&#8230;\n\t\t\t<\/a>\n\t<p><strong>Nuestros clientes<\/strong><\/p>\n\t\t\t\t\t\t<img decoding=\"async\" src=\"https:\/\/persianasunoxuno.com.co\/wp-content\/uploads\/2019\/12\/Group-14.jpg\" alt=\"https:\/\/persianasunoxuno.com.co\/wp-content\/uploads\/2019\/12\/Group-14.jpg\" data-no-lazy=\"1\" \/>\t\t\t\t\t\n\t\t\t\t\t\t<img decoding=\"async\" src=\"https:\/\/persianasunoxuno.com.co\/wp-content\/uploads\/2019\/12\/Group-13.jpg\" alt=\"https:\/\/persianasunoxuno.com.co\/wp-content\/uploads\/2019\/12\/Group-13.jpg\" data-no-lazy=\"1\" \/>\t\t\t\t\t\n\t\t\t\t\t\t<img decoding=\"async\" src=\"https:\/\/persianasunoxuno.com.co\/wp-content\/uploads\/2019\/12\/Group-12.jpg\" alt=\"https:\/\/persianasunoxuno.com.co\/wp-content\/uploads\/2019\/12\/Group-12.jpg\" data-no-lazy=\"1\" \/>\t\t\t\t\t\n\t\t\t\t\t\t<img decoding=\"async\" src=\"https:\/\/persianasunoxuno.com.co\/wp-content\/uploads\/2019\/12\/Group-9.jpg\" alt=\"https:\/\/persianasunoxuno.com.co\/wp-content\/uploads\/2019\/12\/Group-9.jpg\" data-no-lazy=\"1\" \/>\t\t\t\t\t\n\t\t\t\t\t\t<img decoding=\"async\" src=\"https:\/\/persianasunoxuno.com.co\/wp-content\/uploads\/2019\/12\/Group-8.jpg\" alt=\"https:\/\/persianasunoxuno.com.co\/wp-content\/uploads\/2019\/12\/Group-8.jpg\" data-no-lazy=\"1\" \/>\t\t\t\t\t\n\t\t\t\t\t\t<img decoding=\"async\" src=\"https:\/\/persianasunoxuno.com.co\/wp-content\/uploads\/2019\/12\/Group-7.jpg\" alt=\"https:\/\/persianasunoxuno.com.co\/wp-content\/uploads\/2019\/12\/Group-7.jpg\" data-no-lazy=\"1\" \/>\t\t\t\t\t\n\t<p><strong> Instagram @persianasunoxuno<\/strong><\/p>\n\t\t\t<div id=\"instagram-gallery-feed-0\" class=\"instagram-gallery-feed\" data-feed=\"{&quot;id&quot;:0,&quot;account_id&quot;:&quot;27156650867271365&quot;,&quot;source&quot;:&quot;username&quot;,&quot;tag&quot;:&quot;wordpress&quot;,&quot;order_by&quot;:&quot;top_media&quot;,&quot;layout&quot;:&quot;gallery&quot;,&quot;limit&quot;:12,&quot;columns&quot;:3,&quot;spacing&quot;:10,&quot;lazy&quot;:false,&quot;responsive&quot;:{&quot;desktop&quot;:{&quot;columns&quot;:3,&quot;spacing&quot;:10},&quot;tablet&quot;:{&quot;columns&quot;:2,&quot;spacing&quot;:8},&quot;mobile&quot;:{&quot;columns&quot;:1,&quot;spacing&quot;:6},&quot;breakpoints&quot;:{&quot;tablet&quot;:768,&quot;mobile&quot;:480}},&quot;aspect_ratio&quot;:{&quot;width&quot;:1,&quot;height&quot;:1},&quot;highlight&quot;:{&quot;tag&quot;:&quot;&quot;,&quot;id&quot;:&quot;&quot;,&quot;position&quot;:&quot;1,3,5&quot;},&quot;reel&quot;:{&quot;hide&quot;:false},&quot;copyright&quot;:{&quot;hide&quot;:false,&quot;placeholder&quot;:&quot;&quot;},&quot;profile&quot;:{&quot;display&quot;:false,&quot;username&quot;:&quot;&quot;,&quot;nickname&quot;:&quot;&quot;,&quot;website&quot;:&quot;&quot;,&quot;biography&quot;:&quot;&quot;,&quot;link_text&quot;:&quot;Follow&quot;,&quot;website_text&quot;:&quot;Website&quot;,&quot;avatar&quot;:&quot;&quot;},&quot;box&quot;:{&quot;display&quot;:false,&quot;padding&quot;:1,&quot;radius&quot;:0,&quot;background&quot;:&quot;#fefefe&quot;,&quot;profile&quot;:false,&quot;desc&quot;:&quot;&quot;,&quot;text_color&quot;:&quot;#000000&quot;},&quot;mask&quot;:{&quot;display&quot;:true,&quot;background&quot;:&quot;#000000&quot;,&quot;icon_color&quot;:&quot;#ffffff&quot;,&quot;likes_count&quot;:true,&quot;comments_count&quot;:true},&quot;card&quot;:{&quot;display&quot;:false,&quot;radius&quot;:1,&quot;font_size&quot;:12,&quot;background&quot;:&quot;#ffffff&quot;,&quot;background_hover&quot;:&quot;&quot;,&quot;text_color&quot;:&quot;#000000&quot;,&quot;padding&quot;:5,&quot;likes_count&quot;:false,&quot;text_length&quot;:10,&quot;comments_count&quot;:false,&quot;text_align&quot;:&quot;left&quot;},&quot;carousel&quot;:{&quot;centered_slides&quot;:false,&quot;autoplay&quot;:false,&quot;autoplay_interval&quot;:3000,&quot;navarrows&quot;:true,&quot;navarrows_color&quot;:&quot;&quot;,&quot;pagination&quot;:true,&quot;pagination_color&quot;:&quot;&quot;},&quot;modal&quot;:{&quot;display&quot;:true,&quot;profile&quot;:true,&quot;media_description&quot;:true,&quot;likes_count&quot;:true,&quot;comments_count&quot;:true,&quot;comments_list&quot;:false,&quot;text_align&quot;:&quot;left&quot;,&quot;modal_align&quot;:&quot;right&quot;,&quot;text_length&quot;:10000,&quot;font_size&quot;:12},&quot;button&quot;:{&quot;display&quot;:true,&quot;text&quot;:&quot;View on Instagram&quot;,&quot;text_color&quot;:&quot;#ffff&quot;,&quot;background&quot;:&quot;&quot;,&quot;background_hover&quot;:&quot;&quot;},&quot;button_load&quot;:{&quot;display&quot;:false,&quot;text&quot;:&quot;Load more...&quot;,&quot;text_color&quot;:&quot;#ffff&quot;,&quot;background&quot;:&quot;&quot;,&quot;background_hover&quot;:&quot;&quot;}}\">\n\t\t<!-- <FeedContainer\/> -->\n\t\t<\/div>\n\t\t\n\t<p>\u00bfQUIERES M\u00c1S INFORMACI\u00d3N?<\/p>\n<p>Escr\u00edbenos si te interesa recibir informaci\u00f3n detallada de nuestro portafolio en persianas.<\/p>\n\t<div class=\"wpforms-container wpforms-container-full\" id=\"wpforms-185\"><form id=\"wpforms-form-185\" class=\"wpforms-validate wpforms-form\" data-formid=\"185\" method=\"post\" enctype=\"multipart\/form-data\" action=\"\/en\/wp-json\/wp\/v2\/pages\/2\" data-token=\"09da6d7d10ee1888a4de608c30b9fb80\" data-token-time=\"1776652707\"><noscript class=\"wpforms-error-noscript\">Please enable JavaScript in your browser to complete this form.<\/noscript><div class=\"wpforms-field-container\"><div id=\"wpforms-185-field_0-container\" class=\"wpforms-field wpforms-field-name\" data-field-id=\"0\"><label class=\"wpforms-field-label\" for=\"wpforms-185-field_0\">Nombre y apellidos <span class=\"wpforms-required-label\">*<\/span><\/label><input type=\"text\" id=\"wpforms-185-field_0\" class=\"wpforms-field-medium wpforms-field-required\" name=\"wpforms[fields][0]\" required><\/div><div id=\"wpforms-185-field_1-container\" class=\"wpforms-field wpforms-field-email\" data-field-id=\"1\"><label class=\"wpforms-field-label\" for=\"wpforms-185-field_1\">Email <span class=\"wpforms-required-label\">*<\/span><\/label><input type=\"email\" id=\"wpforms-185-field_1\" class=\"wpforms-field-medium wpforms-field-required\" name=\"wpforms[fields][1]\" spellcheck=\"false\" required><\/div>\t\t<div id=\"wpforms-185-field_3-container\"\n\t\t\tclass=\"wpforms-field wpforms-field-text\"\n\t\t\tdata-field-type=\"text\"\n\t\t\tdata-field-id=\"3\"\n\t\t\t>\n\t\t\t<label class=\"wpforms-field-label\" for=\"wpforms-185-field_3\" >y Mensaje apellidos<\/label>\n\t\t\t<input type=\"text\" id=\"wpforms-185-field_3\" class=\"wpforms-field-medium\" name=\"wpforms[fields][3]\" >\n\t\t<\/div>\n\t\t<div id=\"wpforms-185-field_2-container\" class=\"wpforms-field wpforms-field-textarea\" data-field-id=\"2\"><label class=\"wpforms-field-label\" for=\"wpforms-185-field_2\">Mensaje <span class=\"wpforms-required-label\">*<\/span><\/label><textarea id=\"wpforms-185-field_2\" class=\"wpforms-field-medium wpforms-field-required\" name=\"wpforms[fields][2]\" required><\/textarea><\/div><div id=\"wpforms-185-field_4-container\" class=\"wpforms-field wpforms-field-checkbox\" data-field-id=\"4\"><ul id=\"wpforms-185-field_4\"><li class=\"choice-1 depth-1\"><input type=\"checkbox\" id=\"wpforms-185-field_4_1\" name=\"wpforms[fields][4][]\" value=\"&lt;a href=&quot;https:\/\/unoxuno.com.co\/intranet\/terminos-y-condiciones-de-uso-de-la-pagina-web\/&quot;&gt;Acepto t\u00e9rminos y condiciones de nuestra p\u00e1gina web&lt;\/a&gt;\"  ><label class=\"wpforms-field-label-inline\" for=\"wpforms-185-field_4_1\"><a href=\"https:\/\/unoxuno.com.co\/intranet\/terminos-y-condiciones-de-uso-de-la-pagina-web\/\">Acepto t\u00e9rminos y condiciones de nuestra p\u00e1gina web<\/a><\/label><\/li><li class=\"choice-2 depth-1\"><input type=\"checkbox\" id=\"wpforms-185-field_4_2\" name=\"wpforms[fields][4][]\" value=\"&lt;a href=&quot;https:\/\/unoxuno.com.co\/intranet\/politica-de-tratamiento-de-datos-personales\/&quot;&gt;Acepto pol\u00edticas de privacidad&lt;\/a&gt;\"  ><label class=\"wpforms-field-label-inline\" for=\"wpforms-185-field_4_2\"><a href=\"https:\/\/unoxuno.com.co\/intranet\/politica-de-tratamiento-de-datos-personales\/\">Acepto pol\u00edticas de privacidad<\/a><\/label><\/li><\/ul><\/div><script>\n\t\t\t\t( function() {\n\t\t\t\t\tconst style = document.createElement( 'style' );\n\t\t\t\t\tstyle.appendChild( document.createTextNode( '#wpforms-185-field_3-container { position: absolute !important; overflow: hidden !important; display: inline !important; height: 1px !important; width: 1px !important; z-index: -1000 !important; padding: 0 !important; } #wpforms-185-field_3-container input { visibility: hidden; } #wpforms-conversational-form-page #wpforms-185-field_3-container label { counter-increment: none; }' ) );\n\t\t\t\t\tdocument.head.appendChild( style );\n\t\t\t\t\tdocument.currentScript?.remove();\n\t\t\t\t} )();\n\t\t\t<\/script><\/div><!-- .wpforms-field-container --><div class=\"wpforms-submit-container\" ><input type=\"hidden\" name=\"wpforms[id]\" value=\"185\"><input type=\"hidden\" name=\"page_title\" value=\"\"><input type=\"hidden\" name=\"page_url\" value=\"https:\/\/persianasunoxuno.com.co\/en\/wp-json\/wp\/v2\/pages\/2\"><input type=\"hidden\" name=\"url_referer\" value=\"\"><button type=\"submit\" name=\"wpforms[submit]\" id=\"wpforms-submit-185\" class=\"wpforms-submit\" data-alt-text=\"Sending...\" data-submit-text=\"Enviar mensaje \" aria-live=\"assertive\" value=\"wpforms-submit\">Enviar mensaje <\/button><\/div><\/form><\/div>  <!-- .wpforms-container -->\n\t<p><strong>S\u00edguenos<\/strong><\/p>\n\t<center><a href=\"https:\/\/www.facebook.com\/persianas-UnoxUno\/\">&nbsp; &nbsp; &nbsp;<\/a><a href=\"https:\/\/www.facebook.com\/persianas-UnoxUno\/\" target=\"_blank\" rel=\"noopener\"><img loading=\"lazy\" decoding=\"async\" src=\"https:\/\/sfo2.digitaloceanspaces.com\/eruditus\/unoxuno\/wp-content\/uploads\/2019\/10\/15181330\/facebook.png\" alt=\"\" width=\"46\" height=\"46\" srcset=\"https:\/\/sfo2.digitaloceanspaces.com\/eruditus\/unoxuno\/wp-content\/uploads\/2019\/10\/15181330\/facebook.png 128w, https:\/\/sfo2.digitaloceanspaces.com\/eruditus\/unoxuno\/wp-content\/uploads\/2019\/10\/15181330\/facebook-100x100.png 100w\" sizes=\"auto, (max-width: 46px) 100vw, 46px\"\/><\/a><a href=\"https:\/\/www.instagram.com\/unoxunopersianas\/\" target=\"_blank\" rel=\"noopener\"><img loading=\"lazy\" decoding=\"async\" src=\"https:\/\/sfo2.digitaloceanspaces.com\/eruditus\/unoxuno\/wp-content\/uploads\/2019\/10\/15181349\/instagram.png\" alt=\"\" width=\"43\" height=\"43\" srcset=\"https:\/\/sfo2.digitaloceanspaces.com\/eruditus\/unoxuno\/wp-content\/uploads\/2019\/10\/15181349\/instagram.png 128w, https:\/\/sfo2.digitaloceanspaces.com\/eruditus\/unoxuno\/wp-content\/uploads\/2019\/10\/15181349\/instagram-100x100.png 100w\" sizes=\"auto, (max-width: 43px) 100vw, 43px\"\/><\/a><a href=\"https:\/\/www.linkedin.com\/company\/23717199\/\" target=\"_blank\" rel=\"noopener\"><img loading=\"lazy\" decoding=\"async\" src=\"https:\/\/sfo2.digitaloceanspaces.com\/eruditus\/unoxuno\/wp-content\/uploads\/2019\/10\/15181345\/linkedin.png\" alt=\"\" width=\"47\" height=\"47\" srcset=\"https:\/\/sfo2.digitaloceanspaces.com\/eruditus\/unoxuno\/wp-content\/uploads\/2019\/10\/15181345\/linkedin.png 128w, https:\/\/sfo2.digitaloceanspaces.com\/eruditus\/unoxuno\/wp-content\/uploads\/2019\/10\/15181345\/linkedin-100x100.png 100w\" sizes=\"auto, (max-width: 47px) 100vw, 47px\"\/><\/a><a href=\"https:\/\/www.youtube.com\/channel\/UCpR9ogEFm2h75HP50AViqOA\" target=\"_blank\" rel=\"noopener\"><img loading=\"lazy\" decoding=\"async\" src=\"https:\/\/sfo2.digitaloceanspaces.com\/eruditus\/unoxuno\/wp-content\/uploads\/2019\/10\/15181353\/youtube.png\" alt=\"\" width=\"46\" height=\"46\" srcset=\"https:\/\/sfo2.digitaloceanspaces.com\/eruditus\/unoxuno\/wp-content\/uploads\/2019\/10\/15181353\/youtube.png 128w, https:\/\/sfo2.digitaloceanspaces.com\/eruditus\/unoxuno\/wp-content\/uploads\/2019\/10\/15181353\/youtube-100x100.png 100w\" sizes=\"auto, (max-width: 46px) 100vw, 46px\"\/><\/a><\/center>\n\t<p><img loading=\"lazy\" decoding=\"async\" src=\"https:\/\/sfo2.digitaloceanspaces.com\/eruditus\/persianas\/PERSIANAS_White-300x150.png\" alt=\"\" width=\"300\" height=\"150\" \/><\/p>\n\t<p><strong>PBX:<\/strong> +57 (601) 745 75 45<\/p>\n<p><strong>Servicio al cliente<\/strong><\/p>\n<p><strong>Tel\u00e9fono: <\/strong>+57 3336029111<\/p>\n\t<p>info.persianas@unoxuno.com.co<\/p>\n<p>sac.persianas@unoxuno.com.co<\/p>\n<p>persianas@noxuno.com.co<\/p>\n\t<strong>Jefatura Comercial<\/strong><br \/>\nJuliana.giraldo@unoxuno.com.co\n<strong>Direcci\u00f3n F\u00e1brica<\/strong><br \/>\nCarrera 65a # 18a &#8211; 42\n<p>Bogot\u00e1.<\/p>\n\t<p><a href=\"https:\/\/unoxuno.com.co\/terminos-y-condiciones\/\" target=\"_blank\" rel=\"noopener\">T\u00e9rminos y condiciones de nuestra p\u00e1gina web<\/a> &#8211; <a href=\"https:\/\/unoxuno.com.co\/politicas-de-privacidad\" target=\"_blank\" rel=\"noopener\">Pol\u00edticas de privacidad Uno x Uno &#8211; <\/a><a href=\"https:\/\/persianasunoxuno.com.co\/politicas-de-seguridad-y-garantia\">Pol\u00edticas de seguridad y garant\u00eda<\/a><\/p>\n\n","protected":false},"excerpt":{"rendered":"<p>SOYDISTRIBUIDOR PAGOS PSE PAGOS CON TARJETA COTIZADOR REALICE SUCOTIZACI\u00d3N SISTEMAS DE PERSIANAS ENROLLABLE _______ SHEER \/ SHEER SCREEN \/ SHEER MONTBLANC _______ PERSIANAS VERTICALES _______ TOLDO VERTICAL _______ PANEL JAPONES _______ PERSONALIZACI\u00d3N Impresi\u00f3n Digital ROMANA _______ MOTORIZACI\u00d3N Y AUTOMATIZACI\u00d3N _______ CORTINAS EN TELA _______ PORTAFOLIO DE TELAS NUEVA COLECCI\u00d3N TELAS PARA CORTINAS DECORATIVOS SHEER SCREEN&hellip;<\/p>","protected":false},"author":1,"featured_media":0,"parent":0,"menu_order":0,"comment_status":"closed","ping_status":"closed","template":"","meta":{"footnotes":""},"class_list":["post-2","page","type-page","status-publish","hentry"],"_links":{"self":[{"href":"https:\/\/persianasunoxuno.com.co\/en\/wp-json\/wp\/v2\/pages\/2","targetHints":{"allow":["GET"]}}],"collection":[{"href":"https:\/\/persianasunoxuno.com.co\/en\/wp-json\/wp\/v2\/pages"}],"about":[{"href":"https:\/\/persianasunoxuno.com.co\/en\/wp-json\/wp\/v2\/types\/page"}],"author":[{"embeddable":true,"href":"https:\/\/persianasunoxuno.com.co\/en\/wp-json\/wp\/v2\/users\/1"}],"replies":[{"embeddable":true,"href":"https:\/\/persianasunoxuno.com.co\/en\/wp-json\/wp\/v2\/comments?post=2"}],"version-history":[{"count":5,"href":"https:\/\/persianasunoxuno.com.co\/en\/wp-json\/wp\/v2\/pages\/2\/revisions"}],"predecessor-version":[{"id":2847,"href":"https:\/\/persianasunoxuno.com.co\/en\/wp-json\/wp\/v2\/pages\/2\/revisions\/2847"}],"wp:attachment":[{"href":"https:\/\/persianasunoxuno.com.co\/en\/wp-json\/wp\/v2\/media?parent=2"}],"curies":[{"name":"wp","href":"https:\/\/api.w.org\/{rel}","templated":true}]}}