{"id":218,"date":"2019-12-10T10:29:33","date_gmt":"2019-12-10T10:29:33","guid":{"rendered":"https:\/\/persianasunoxuno.com.co\/?page_id=218"},"modified":"2026-04-21T16:38:48","modified_gmt":"2026-04-21T15:38:48","slug":"panel-japones","status":"publish","type":"page","link":"https:\/\/persianasunoxuno.com.co\/en\/panel-japones\/","title":{"rendered":"SLIDING PANEL"},"content":{"rendered":"<p><strong>SLIDING PANEL<\/strong><\/p>\n<figure itemscope itemtype=\"https:\/\/schema.org\/ImageObject\">\n\t\t\t\t<img decoding=\"async\" src=\"https:\/\/persianasunoxuno.com.co\/wp-content\/uploads\/imagen-adicional-interna-panel-japones.png\" alt=\"imagen-adicional-interna-panel-japones\" height=\"1122\" width=\"1402\" title=\"imagen-adicional-interna-panel-japones\" onerror=\"this.style.display='none'\" loading=\"lazy\" \/>\n\t<\/figure>\n\t<h2><strong>SLIDING PANEL<\/strong><\/h2>\n<p><strong>Minimalism and functionality at their finest<\/strong><\/p>\n<p>The Sliding panel is the decorative solution of choice for those who seek a clean, ordered, and contemporary architectural language. Its large fabric panels glide along parallel tracks, adding a unique artistic dimension to any space.<\/p>\n<p><strong>Why choose it?<\/strong><\/p>\n<ul>\n<li>Perfect for room dividers, wide-span windows, and modern architectural spaces.<\/li>\n<li>Functions as a structural decorative element that visually organizes and elevates the space.<\/li>\n<li>Available in a wide variety of fabrics, from translucent to full blackout.<\/li>\n<li>Panels can be combined with different fabrics and colors to create unique personalized compositions.<\/li>\n<li>Smooth and silent gliding on a high-precision aluminum track.<\/li>\n<\/ul>\n<p><strong>Care instructions:<\/strong><\/p>\n<ul>\n<li>Clean fabric panels with a soft, lightly damp cloth.<\/li>\n<li>Periodically inspect the track and rollers to ensure fluid movement.<\/li>\n<li>Avoid hanging objects or applying lateral pressure on the panels to prevent misalignment.<\/li>\n<\/ul>\n\t<p><strong>Follow us<\/strong><\/p>\n\t<center><a href=\"https:\/\/www.facebook.com\/TextilesUnoxUno\/\">&nbsp; &nbsp; &nbsp;<\/a><a href=\"https:\/\/www.facebook.com\/TextilesUnoxUno\/\" target=\"_blank\" rel=\"noopener\"><img loading=\"lazy\" decoding=\"async\" src=\"https:\/\/sfo2.digitaloceanspaces.com\/eruditus\/unoxuno\/wp-content\/uploads\/2019\/10\/15181330\/facebook.png\" alt=\"\" width=\"46\" height=\"46\" srcset=\"https:\/\/sfo2.digitaloceanspaces.com\/eruditus\/unoxuno\/wp-content\/uploads\/2019\/10\/15181330\/facebook.png 128w, https:\/\/sfo2.digitaloceanspaces.com\/eruditus\/unoxuno\/wp-content\/uploads\/2019\/10\/15181330\/facebook-100x100.png 100w\" sizes=\"auto, (max-width: 46px) 100vw, 46px\"\/><\/a><a href=\"https:\/\/www.instagram.com\/textilesunoxuno\/\" target=\"_blank\" rel=\"noopener\"><img loading=\"lazy\" decoding=\"async\" src=\"https:\/\/sfo2.digitaloceanspaces.com\/eruditus\/unoxuno\/wp-content\/uploads\/2019\/10\/15181349\/instagram.png\" alt=\"\" width=\"43\" height=\"43\" srcset=\"https:\/\/sfo2.digitaloceanspaces.com\/eruditus\/unoxuno\/wp-content\/uploads\/2019\/10\/15181349\/instagram.png 128w, https:\/\/sfo2.digitaloceanspaces.com\/eruditus\/unoxuno\/wp-content\/uploads\/2019\/10\/15181349\/instagram-100x100.png 100w\" sizes=\"auto, (max-width: 43px) 100vw, 43px\"\/><\/a><a href=\"https:\/\/www.linkedin.com\/company\/23717199\/\" target=\"_blank\" rel=\"noopener\"><img loading=\"lazy\" decoding=\"async\" src=\"https:\/\/sfo2.digitaloceanspaces.com\/eruditus\/unoxuno\/wp-content\/uploads\/2019\/10\/15181345\/linkedin.png\" alt=\"\" width=\"47\" height=\"47\" srcset=\"https:\/\/sfo2.digitaloceanspaces.com\/eruditus\/unoxuno\/wp-content\/uploads\/2019\/10\/15181345\/linkedin.png 128w, https:\/\/sfo2.digitaloceanspaces.com\/eruditus\/unoxuno\/wp-content\/uploads\/2019\/10\/15181345\/linkedin-100x100.png 100w\" sizes=\"auto, (max-width: 47px) 100vw, 47px\"\/><\/a><a href=\"https:\/\/www.youtube.com\/channel\/UCDCote3H1Vk2L1aJyscR_RQ\/videos\" target=\"_blank\" rel=\"noopener\"><img loading=\"lazy\" decoding=\"async\" src=\"https:\/\/sfo2.digitaloceanspaces.com\/eruditus\/unoxuno\/wp-content\/uploads\/2019\/10\/15181353\/youtube.png\" alt=\"\" width=\"46\" height=\"46\" srcset=\"https:\/\/sfo2.digitaloceanspaces.com\/eruditus\/unoxuno\/wp-content\/uploads\/2019\/10\/15181353\/youtube.png 128w, https:\/\/sfo2.digitaloceanspaces.com\/eruditus\/unoxuno\/wp-content\/uploads\/2019\/10\/15181353\/youtube-100x100.png 100w\" sizes=\"auto, (max-width: 46px) 100vw, 46px\"\/><\/a><\/center>\n\t<p><img loading=\"lazy\" decoding=\"async\" src=\"https:\/\/sfo2.digitaloceanspaces.com\/eruditus\/persianas\/PERSIANAS_White-300x150.png\" alt=\"\" width=\"300\" height=\"150\" \/><\/p>\n\t<p><strong>PBX:<\/strong> +57 (601) 745 75 45<\/p>\n<p><strong>Customer service<\/strong><\/p>\n<p><strong>Tel\u00e9fono: <\/strong>+57 3336029111<\/p>\n\t<p>info.persianas@unoxuno.com.co<\/p>\n<p>sac.persianas@unoxuno.com.co<\/p>\n<p>persianas@noxuno.com.co<\/p>\n\t<strong>Jefatura Comercial<\/strong><br \/>\nJuliana.giraldo@unoxuno.com.co\n<strong>Headquarters<\/strong><br \/>\nCarrera 65a # 18a - 42\n<p>Bogota<\/p>\n\t<p><a href=\"https:\/\/unoxuno.com.co\/terminos-y-condiciones\/\" target=\"_blank\" rel=\"noopener\">Terms and conditions of our website<\/a> &#8211; <a href=\"https:\/\/unoxuno.com.co\/politicas-de-privacidad\" target=\"_blank\" rel=\"noopener\">Privacy Policy Uno x Uno - <\/a><a href=\"https:\/\/persianasunoxuno.com.co\/en\/politicas-de-seguridad-y-garantia\/\">Security and warranty policies<\/a><\/p>","protected":false},"excerpt":{"rendered":"<p>Panel Japon\u00e9s PANEL JAPON\u00c9S Minimalismo y funcionalidad en su m\u00e1xima expresi\u00f3n El panel japon\u00e9s es la soluci\u00f3n decorativa por excelencia para quienes buscan un lenguaje arquitect\u00f3nico limpio, ordenado y contempor\u00e1neo. Sus grandes pa\u00f1os de tela que se deslizan en carriles paralelos aportan una dimensi\u00f3n art\u00edstica \u00fanica al espacio. \u00bfPor qu\u00e9 elegirlo? Perfecto para divisiones de&hellip;<\/p>","protected":false},"author":1,"featured_media":0,"parent":0,"menu_order":0,"comment_status":"closed","ping_status":"closed","template":"","meta":{"footnotes":""},"class_list":["post-218","page","type-page","status-publish","hentry"],"_links":{"self":[{"href":"https:\/\/persianasunoxuno.com.co\/en\/wp-json\/wp\/v2\/pages\/218","targetHints":{"allow":["GET"]}}],"collection":[{"href":"https:\/\/persianasunoxuno.com.co\/en\/wp-json\/wp\/v2\/pages"}],"about":[{"href":"https:\/\/persianasunoxuno.com.co\/en\/wp-json\/wp\/v2\/types\/page"}],"author":[{"embeddable":true,"href":"https:\/\/persianasunoxuno.com.co\/en\/wp-json\/wp\/v2\/users\/1"}],"replies":[{"embeddable":true,"href":"https:\/\/persianasunoxuno.com.co\/en\/wp-json\/wp\/v2\/comments?post=218"}],"version-history":[{"count":3,"href":"https:\/\/persianasunoxuno.com.co\/en\/wp-json\/wp\/v2\/pages\/218\/revisions"}],"predecessor-version":[{"id":2934,"href":"https:\/\/persianasunoxuno.com.co\/en\/wp-json\/wp\/v2\/pages\/218\/revisions\/2934"}],"wp:attachment":[{"href":"https:\/\/persianasunoxuno.com.co\/en\/wp-json\/wp\/v2\/media?parent=218"}],"curies":[{"name":"wp","href":"https:\/\/api.w.org\/{rel}","templated":true}]}}