{"id":228,"date":"2019-12-10T10:55:27","date_gmt":"2019-12-10T10:55:27","guid":{"rendered":"https:\/\/persianasunoxuno.com.co\/?page_id=228"},"modified":"2026-04-27T16:09:23","modified_gmt":"2026-04-27T15:09:23","slug":"impresion-digital","status":"publish","type":"page","link":"https:\/\/persianasunoxuno.com.co\/en\/impresion-digital\/","title":{"rendered":"Customization"},"content":{"rendered":"<p><strong>Blinds in Digital Printing<\/strong><\/p>\n<figure itemscope itemtype=\"https:\/\/schema.org\/ImageObject\">\n\t\t\t\t<img decoding=\"async\" src=\"https:\/\/persianasunoxuno.com.co\/wp-content\/uploads\/2024\/02\/infantil3.jpg\" alt=\"infantil3\" height=\"1200\" width=\"1200\" title=\"child3\" onerror=\"this.style.display='none'\" loading=\"lazy\" \/>\n\t<\/figure>\n\t<p><b>DIGITAL PRINTING<\/b><\/p>\n<p><strong>Your vision made into a blind: custom functional art<\/strong><\/p>\n<p>The digitally printed blind is where art, personalization, and functionality converge. It transforms any image, pattern, or design into a signature blind that radically redefines a space.<\/p>\n<p>&nbsp;<\/p>\n<p><strong>Why choose it?<\/strong><\/p>\n<ul>\n<li>Print photographs, illustrations, corporate logos, landscapes, or abstract patterns with photographic resolution directly onto the fabric.<\/li>\n<li>The ideal solution for high-design residential projects, corporate offices, hotels, and commercial spaces seeking unique visual identity.<\/li>\n<li>UV-resistant inks ensure vibrant, long-lasting colors.<\/li>\n<li>Available on different base fabrics: blackout<\/li>\n<li>Every blind is a unique, exclusive, and fully customizable piece.<\/li>\n<\/ul>\n<p>&nbsp;<\/p>\n<p><strong>Care instructions:<\/strong><\/p>\n<ul>\n<li>Clean with a dry or lightly damp cloth; avoid chemical cleaners that could affect the printed image.<\/li>\n<li>Do not scrub or apply direct pressure on the printed surface.<\/li>\n<li>Store rolled in the correct position to avoid marks or creases in the fabric.<\/li>\n<\/ul>\n\t<p><strong>Follow us<\/strong><\/p>\n\t<center><a href=\"https:\/\/www.facebook.com\/TextilesUnoxUno\/\">&nbsp; &nbsp; &nbsp;<\/a><a href=\"https:\/\/www.facebook.com\/TextilesUnoxUno\/\" target=\"_blank\" rel=\"noopener\"><img loading=\"lazy\" decoding=\"async\" src=\"https:\/\/sfo2.digitaloceanspaces.com\/eruditus\/unoxuno\/wp-content\/uploads\/2019\/10\/15181330\/facebook.png\" alt=\"\" width=\"46\" height=\"46\" srcset=\"https:\/\/sfo2.digitaloceanspaces.com\/eruditus\/unoxuno\/wp-content\/uploads\/2019\/10\/15181330\/facebook.png 128w, https:\/\/sfo2.digitaloceanspaces.com\/eruditus\/unoxuno\/wp-content\/uploads\/2019\/10\/15181330\/facebook-100x100.png 100w\" sizes=\"auto, (max-width: 46px) 100vw, 46px\"\/><\/a><a href=\"https:\/\/www.instagram.com\/textilesunoxuno\/\" target=\"_blank\" rel=\"noopener\"><img loading=\"lazy\" decoding=\"async\" src=\"https:\/\/sfo2.digitaloceanspaces.com\/eruditus\/unoxuno\/wp-content\/uploads\/2019\/10\/15181349\/instagram.png\" alt=\"\" width=\"43\" height=\"43\" srcset=\"https:\/\/sfo2.digitaloceanspaces.com\/eruditus\/unoxuno\/wp-content\/uploads\/2019\/10\/15181349\/instagram.png 128w, https:\/\/sfo2.digitaloceanspaces.com\/eruditus\/unoxuno\/wp-content\/uploads\/2019\/10\/15181349\/instagram-100x100.png 100w\" sizes=\"auto, (max-width: 43px) 100vw, 43px\"\/><\/a><a href=\"https:\/\/www.linkedin.com\/company\/23717199\/\" target=\"_blank\" rel=\"noopener\"><img loading=\"lazy\" decoding=\"async\" src=\"https:\/\/sfo2.digitaloceanspaces.com\/eruditus\/unoxuno\/wp-content\/uploads\/2019\/10\/15181345\/linkedin.png\" alt=\"\" width=\"47\" height=\"47\" srcset=\"https:\/\/sfo2.digitaloceanspaces.com\/eruditus\/unoxuno\/wp-content\/uploads\/2019\/10\/15181345\/linkedin.png 128w, https:\/\/sfo2.digitaloceanspaces.com\/eruditus\/unoxuno\/wp-content\/uploads\/2019\/10\/15181345\/linkedin-100x100.png 100w\" sizes=\"auto, (max-width: 47px) 100vw, 47px\"\/><\/a><a href=\"https:\/\/www.youtube.com\/channel\/UCDCote3H1Vk2L1aJyscR_RQ\/videos\" target=\"_blank\" rel=\"noopener\"><img loading=\"lazy\" decoding=\"async\" src=\"https:\/\/sfo2.digitaloceanspaces.com\/eruditus\/unoxuno\/wp-content\/uploads\/2019\/10\/15181353\/youtube.png\" alt=\"\" width=\"46\" height=\"46\" srcset=\"https:\/\/sfo2.digitaloceanspaces.com\/eruditus\/unoxuno\/wp-content\/uploads\/2019\/10\/15181353\/youtube.png 128w, https:\/\/sfo2.digitaloceanspaces.com\/eruditus\/unoxuno\/wp-content\/uploads\/2019\/10\/15181353\/youtube-100x100.png 100w\" sizes=\"auto, (max-width: 46px) 100vw, 46px\"\/><\/a><\/center>\n\t<p><img loading=\"lazy\" decoding=\"async\" src=\"https:\/\/sfo2.digitaloceanspaces.com\/eruditus\/persianas\/PERSIANAS_White-300x150.png\" alt=\"\" width=\"300\" height=\"150\" \/><\/p>\n\t<p><strong>PBX:<\/strong> +57 (601) 745 75 45<\/p>\n<p><strong>Customer service<\/strong><\/p>\n<p><strong>Tel\u00e9fono: <\/strong>+57 3336029111<\/p>\n\t<p>info.persianas@unoxuno.com.co<\/p>\n<p>sac.persianas@unoxuno.com.co<\/p>\n<p>persianas@unoxuno.com.co<\/p>\n\t<strong>Jefatura Comercial<\/strong><br \/>\nJuliana.giraldo@unoxuno.com.co\n<strong>Headquarters<\/strong><br \/>\nCarrera 65a # 18a - 42\n<p>Bogota<\/p>\n\t<p><a href=\"https:\/\/unoxuno.com.co\/terminos-y-condiciones\/\" target=\"_blank\" rel=\"noopener\">Terms and conditions of our website<\/a> &#8211; <a href=\"https:\/\/unoxuno.com.co\/politicas-de-privacidad\" target=\"_blank\" rel=\"noopener\">Privacy Policy Uno x Uno - <\/a><a href=\"https:\/\/persianasunoxuno.com.co\/en\/politicas-de-seguridad-y-garantia\/\">Security and warranty policies<\/a><\/p>","protected":false},"excerpt":{"rendered":"<p>Persianas en Impresi\u00f3n Digital IMPRESI\u00d3N DIGITAL Tu visi\u00f3n hecha persiana: arte funcional a medida La persiana con impresi\u00f3n digital es el punto de encuentro entre el arte, la personalizaci\u00f3n y la funcionalidad. Convierte cualquier imagen, patr\u00f3n o dise\u00f1o en una persiana de autor que transforma radicalmente el espacio. &nbsp; \u00bfPor qu\u00e9 elegirla? Posibilidad de imprimir&hellip;<\/p>","protected":false},"author":1,"featured_media":0,"parent":0,"menu_order":0,"comment_status":"closed","ping_status":"closed","template":"","meta":{"footnotes":""},"class_list":["post-228","page","type-page","status-publish","hentry"],"_links":{"self":[{"href":"https:\/\/persianasunoxuno.com.co\/en\/wp-json\/wp\/v2\/pages\/228","targetHints":{"allow":["GET"]}}],"collection":[{"href":"https:\/\/persianasunoxuno.com.co\/en\/wp-json\/wp\/v2\/pages"}],"about":[{"href":"https:\/\/persianasunoxuno.com.co\/en\/wp-json\/wp\/v2\/types\/page"}],"author":[{"embeddable":true,"href":"https:\/\/persianasunoxuno.com.co\/en\/wp-json\/wp\/v2\/users\/1"}],"replies":[{"embeddable":true,"href":"https:\/\/persianasunoxuno.com.co\/en\/wp-json\/wp\/v2\/comments?post=228"}],"version-history":[{"count":5,"href":"https:\/\/persianasunoxuno.com.co\/en\/wp-json\/wp\/v2\/pages\/228\/revisions"}],"predecessor-version":[{"id":3030,"href":"https:\/\/persianasunoxuno.com.co\/en\/wp-json\/wp\/v2\/pages\/228\/revisions\/3030"}],"wp:attachment":[{"href":"https:\/\/persianasunoxuno.com.co\/en\/wp-json\/wp\/v2\/media?parent=228"}],"curies":[{"name":"wp","href":"https:\/\/api.w.org\/{rel}","templated":true}]}}