{"id":239,"date":"2019-12-10T11:13:33","date_gmt":"2019-12-10T11:13:33","guid":{"rendered":"https:\/\/persianasunoxuno.com.co\/?page_id=239"},"modified":"2026-04-27T21:06:40","modified_gmt":"2026-04-27T20:06:40","slug":"sistema-motorizado-y-automatizacion","status":"publish","type":"page","link":"https:\/\/persianasunoxuno.com.co\/en\/sistema-motorizado-y-automatizacion\/","title":{"rendered":"Motorized System and Automation"},"content":{"rendered":"<p><strong>Motorized System and Automation<\/strong><\/p>\n<figure itemscope itemtype=\"https:\/\/schema.org\/ImageObject\">\n\t\t\t\t<img decoding=\"async\" src=\"https:\/\/persianasunoxuno.com.co\/wp-content\/uploads\/imagen-interna-motirizacion.png\" alt=\"imagen-interna-motirizacion\" height=\"1122\" width=\"1402\" title=\"imagen-interna-motirizacion\" onerror=\"this.style.display='none'\" loading=\"lazy\" \/>\n\t<\/figure>\n\t<p><strong>Motorization &amp; Automation<\/strong><\/p>\n<strong>The technology that transforms your space into an intelligent environment<\/strong><br \/>\nEn UNOXUNO llevamos la experiencia de habitar al siguiente nivel. La motorizaci\u00f3n no es un lujo &#8211; es la evoluci\u00f3n natural de cualquier persiana, cortina o sistema de protecci\u00f3n solar. Controla la luz, la privacidad y la temperatura de tu espacio con un solo toque, una voz o un horario programado.\n<p>&nbsp;<\/p>\n<strong>Motorizaci\u00f3n Tradicional &#8211; Motor Tubular con Conexi\u00f3n El\u00e9ctrica<\/strong><br \/>\n<strong>Power, reliability, and precision for any professional installation<\/strong>\n<p>The hardwired tubular motor is the industry standard for professional automation of window coverings and solar protection systems. It installs seamlessly inside the blind's tube or axle, staying completely hidden to preserve the system's clean aesthetic.<\/p>\n<p>&nbsp;<\/p>\n<p><strong>Applications:<\/strong>:<\/p>\n<ul>\n<li>Roller blinds (screen, blackout, and decorative fabrics)<\/li>\n<li>Vertical blinds<\/li>\n<li>Exterior vertical awnings<\/li>\n<li>Zebra \/ Sheer Blinds<\/li>\n<li>Roman blinds<\/li>\n<\/ul>\n<p>&nbsp;<\/p>\n<p><strong>Why choose it?<\/strong><\/p>\n<ul>\n<li>Constant power and smooth, silent operation thanks to a direct electrical connection.<\/li>\n<li>Integrated limit switches that define opening and closing positions with millimeter precision, preventing mechanical over-stress.<\/li>\n<li>Available in mechanical versions (wall push-button) or radio-frequency versions (wireless remote control).<\/li>\n<li>Compatible with smart home systems for integration with Alexa, Google Home, Apple HomeKit, and professional automation platforms<\/li>\n<li>Automatic scheduling: blinds raise and lower on their own according to your household or office routine.<\/li>\n<li>Optional wind sensor that automatically retracts awnings during gusts, protecting the system.<\/li>\n<li>Ideal for high-end residential projects, hotels, offices, and commercial spaces that require continuous operational reliability.<\/li>\n<\/ul>\n\t\t\t\t\t\t\t<a href=\"https:\/\/persianasunoxuno.com.co\/en\/motor-recargable-persiana-enrollable-2\/\" target=\"_self\">\n\t\t\t\t\t\t\t\t\t\t<h2>MOTOR RECARGABLE PERSIANA ENROLLABLE<\/h2>\n\t\t\t\t\t\t\t\t<p>_______<\/p>\t\t\t\t\t\t\t\n\t\t\t\t\t\t\t\t\t<\/a>\n\t\t\t\t\t\t\t<a href=\"https:\/\/persianasunoxuno.com.co\/en\/motor-recargable-panel-japones-2\/\" target=\"_self\">\n\t\t\t\t\t\t\t\t\t\t<h2>MOTOR RECARGABLE PANEL JAPON\u00c9S<\/h2>\n\t\t\t\t\t\t\t\t<p>_______<\/p>\t\t\t\t\t\t\t\n\t\t\t\t\t\t\t\t\t<\/a>\n\t\t\t\t\t\t\t<a href=\"https:\/\/persianasunoxuno.com.co\/en\/motor-recargable-cortina-en-tela\/\" target=\"_self\">\n\t\t\t\t\t\t\t\t\t\t<h2>MOTOR RECARGABLE CORTINA EN TELA<\/h2>\n\t\t\t\t\t\t\t\t<p>_______<\/p>\t\t\t\t\t\t\t\n\t\t\t\t\t\t\t\t\t<\/a>\n\t<p><strong>Follow us<\/strong><\/p>\n\t<center><a href=\"https:\/\/www.facebook.com\/TextilesUnoxUno\/\">&nbsp; &nbsp; &nbsp;<\/a><a href=\"https:\/\/www.facebook.com\/TextilesUnoxUno\/\" target=\"_blank\" rel=\"noopener\"><img loading=\"lazy\" decoding=\"async\" src=\"https:\/\/sfo2.digitaloceanspaces.com\/eruditus\/unoxuno\/wp-content\/uploads\/2019\/10\/15181330\/facebook.png\" alt=\"\" width=\"46\" height=\"46\" srcset=\"https:\/\/sfo2.digitaloceanspaces.com\/eruditus\/unoxuno\/wp-content\/uploads\/2019\/10\/15181330\/facebook.png 128w, https:\/\/sfo2.digitaloceanspaces.com\/eruditus\/unoxuno\/wp-content\/uploads\/2019\/10\/15181330\/facebook-100x100.png 100w\" sizes=\"auto, (max-width: 46px) 100vw, 46px\"\/><\/a><a href=\"https:\/\/www.instagram.com\/textilesunoxuno\/\" target=\"_blank\" rel=\"noopener\"><img loading=\"lazy\" decoding=\"async\" src=\"https:\/\/sfo2.digitaloceanspaces.com\/eruditus\/unoxuno\/wp-content\/uploads\/2019\/10\/15181349\/instagram.png\" alt=\"\" width=\"43\" height=\"43\" srcset=\"https:\/\/sfo2.digitaloceanspaces.com\/eruditus\/unoxuno\/wp-content\/uploads\/2019\/10\/15181349\/instagram.png 128w, https:\/\/sfo2.digitaloceanspaces.com\/eruditus\/unoxuno\/wp-content\/uploads\/2019\/10\/15181349\/instagram-100x100.png 100w\" sizes=\"auto, (max-width: 43px) 100vw, 43px\"\/><\/a><a href=\"https:\/\/www.linkedin.com\/company\/23717199\/\" target=\"_blank\" rel=\"noopener\"><img loading=\"lazy\" decoding=\"async\" src=\"https:\/\/sfo2.digitaloceanspaces.com\/eruditus\/unoxuno\/wp-content\/uploads\/2019\/10\/15181345\/linkedin.png\" alt=\"\" width=\"47\" height=\"47\" srcset=\"https:\/\/sfo2.digitaloceanspaces.com\/eruditus\/unoxuno\/wp-content\/uploads\/2019\/10\/15181345\/linkedin.png 128w, https:\/\/sfo2.digitaloceanspaces.com\/eruditus\/unoxuno\/wp-content\/uploads\/2019\/10\/15181345\/linkedin-100x100.png 100w\" sizes=\"auto, (max-width: 47px) 100vw, 47px\"\/><\/a><a href=\"https:\/\/www.youtube.com\/channel\/UCDCote3H1Vk2L1aJyscR_RQ\/videos\" target=\"_blank\" rel=\"noopener\"><img loading=\"lazy\" decoding=\"async\" src=\"https:\/\/sfo2.digitaloceanspaces.com\/eruditus\/unoxuno\/wp-content\/uploads\/2019\/10\/15181353\/youtube.png\" alt=\"\" width=\"46\" height=\"46\" srcset=\"https:\/\/sfo2.digitaloceanspaces.com\/eruditus\/unoxuno\/wp-content\/uploads\/2019\/10\/15181353\/youtube.png 128w, https:\/\/sfo2.digitaloceanspaces.com\/eruditus\/unoxuno\/wp-content\/uploads\/2019\/10\/15181353\/youtube-100x100.png 100w\" sizes=\"auto, (max-width: 46px) 100vw, 46px\"\/><\/a><\/center>\n\t<p><img loading=\"lazy\" decoding=\"async\" src=\"https:\/\/sfo2.digitaloceanspaces.com\/eruditus\/persianas\/PERSIANAS_White-300x150.png\" alt=\"\" width=\"300\" height=\"150\" \/><\/p>\n\t<p><strong>PBX:<\/strong> +57 (601) 745 75 45<\/p>\n<p><strong>Customer service<\/strong><\/p>\n<p><strong>Tel\u00e9fono: <\/strong>+57 3336029111<\/p>\n\t<p>info.persianas@unoxuno.com.co<\/p>\n<p>sac.persianas@unoxuno.com.co<\/p>\n<p>persianas@unoxuno.com.co<\/p>\n\t<strong>Jefatura Comercial<\/strong><br \/>\nJuliana.giraldo@unoxuno.com.co\n<strong>Headquarters<\/strong><br \/>\nCarrera 65a # 18a - 42\n<p>Bogota<\/p>\n\t<p><a href=\"https:\/\/unoxuno.com.co\/terminos-y-condiciones\/\" target=\"_blank\" rel=\"noopener\">Terms and conditions of our website<\/a> &#8211; <a href=\"https:\/\/unoxuno.com.co\/politicas-de-privacidad\" target=\"_blank\" rel=\"noopener\">Privacy Policy Uno x Uno - <\/a><a href=\"https:\/\/persianasunoxuno.com.co\/en\/politicas-de-seguridad-y-garantia\/\">Security and warranty policies<\/a><\/p>","protected":false},"excerpt":{"rendered":"<p>Sistema Motorizado y Automatizaci\u00f3n Motorizaci\u00f3n y Automatizaci\u00f3n La tecnolog\u00eda que transforma tu espacio en un entorno inteligente En UNOXUNO llevamos la experiencia de habitar al siguiente nivel. La motorizaci\u00f3n no es un lujo &#8211; es la evoluci\u00f3n natural de cualquier persiana, cortina o sistema de protecci\u00f3n solar. Controla la luz, la privacidad y la temperatura&hellip;<\/p>","protected":false},"author":1,"featured_media":0,"parent":0,"menu_order":0,"comment_status":"closed","ping_status":"closed","template":"","meta":{"footnotes":""},"class_list":["post-239","page","type-page","status-publish","hentry"],"_links":{"self":[{"href":"https:\/\/persianasunoxuno.com.co\/en\/wp-json\/wp\/v2\/pages\/239","targetHints":{"allow":["GET"]}}],"collection":[{"href":"https:\/\/persianasunoxuno.com.co\/en\/wp-json\/wp\/v2\/pages"}],"about":[{"href":"https:\/\/persianasunoxuno.com.co\/en\/wp-json\/wp\/v2\/types\/page"}],"author":[{"embeddable":true,"href":"https:\/\/persianasunoxuno.com.co\/en\/wp-json\/wp\/v2\/users\/1"}],"replies":[{"embeddable":true,"href":"https:\/\/persianasunoxuno.com.co\/en\/wp-json\/wp\/v2\/comments?post=239"}],"version-history":[{"count":5,"href":"https:\/\/persianasunoxuno.com.co\/en\/wp-json\/wp\/v2\/pages\/239\/revisions"}],"predecessor-version":[{"id":3042,"href":"https:\/\/persianasunoxuno.com.co\/en\/wp-json\/wp\/v2\/pages\/239\/revisions\/3042"}],"wp:attachment":[{"href":"https:\/\/persianasunoxuno.com.co\/en\/wp-json\/wp\/v2\/media?parent=239"}],"curies":[{"name":"wp","href":"https:\/\/api.w.org\/{rel}","templated":true}]}}