{"id":2946,"date":"2026-04-22T13:46:41","date_gmt":"2026-04-22T12:46:41","guid":{"rendered":"https:\/\/persianasunoxuno.com.co\/?page_id=2946"},"modified":"2026-04-22T16:27:47","modified_gmt":"2026-04-22T15:27:47","slug":"otros-productos","status":"publish","type":"page","link":"https:\/\/persianasunoxuno.com.co\/en\/otros-productos\/","title":{"rendered":"Otros productos"},"content":{"rendered":"<p><strong>OTHER PRODUCTS<\/strong><\/p>\n<figure itemscope itemtype=\"https:\/\/schema.org\/ImageObject\">\n\t\t\t\t<img decoding=\"async\" src=\"https:\/\/persianasunoxuno.com.co\/wp-content\/uploads\/portada-interna-banner-otros-productos.png\" alt=\"portada-interna-banner-otros-productos\" height=\"1365\" width=\"1024\" title=\"portada-interna-banner-otros-productos\" onerror=\"this.style.display='none'\" loading=\"lazy\" \/>\n\t<\/figure>\n\t<p>OTHER PORTFOLIO PRODUCTS<\/p>\n<p><strong>At UNOXUNO, every detail matters.<\/strong><\/p>\n<p>That's why, beyond our curtain and blind systems, we offer a portfolio of complementary products designed to bring every installation to its highest level of finish, functionality, and design.<\/p>\n<p>Because a well-resolved project doesn't end at the fabric, it ends at every element that surrounds it.<\/p>\n<p><strong>Cortina Cordel:<\/strong> el mecanismo que reemplaza el bast\u00f3n tradicional para una apertura m\u00e1s suave, m\u00e1s limpia y m\u00e1s contempor\u00e1nea. Un gesto sutil que transforma la forma de interactuar con tus cortinas.<\/p>\n<p><strong>Cenefa Flotante:<\/strong> el remate arquitect\u00f3nico que integra el sistema a la estructura del espacio. Dise\u00f1o continuo, sin elementos visibles, con instalaci\u00f3n clic que garantiza un acabado sofisticado en cada proyecto.<\/p>\n<p>Two products. One shared purpose: for every space to reflect the same attention to detail it deserves.<\/p>\n<p><strong>UNOXUNO. Design that lives in the details.<\/strong><\/p>\n\t\t\t\t\t\t\t<a href=\"https:\/\/persianasunoxuno.com.co\/en\/cenefa-flotante\/\" target=\"_self\">\n\t\t\t\t\t\t\t\t\t\t<h2>FLOATING VALANCE <\/h2>\n\t\t\t\t\t\t\t\t<p>_______<\/p>\t\t\t\t\t\t\t\n\t\t\t\t\t\t\t\t\t<\/a>\n\t\t\t\t\t\t\t<a href=\"https:\/\/persianasunoxuno.com.co\/en\/cortina-cordel\/\" target=\"_self\">\n\t\t\t\t\t\t\t\t\t\t<h2>CORD CURTAIN SYSTEM<\/h2>\n\t\t\t\t\t\t\t\t<p>_______<\/p>\t\t\t\t\t\t\t\n\t\t\t\t\t\t\t\t\t<\/a>","protected":false},"excerpt":{"rendered":"<p>OTROS PRODUCTOS OTROS PRODUCTOS DEL PORTAFOLIO En UNOXUNO, cada detalle importa. Por eso, m\u00e1s all\u00e1 de nuestros sistemas de persianas y cortinas, existe un portafolio de productos complementarios dise\u00f1ado para llevar cada instalaci\u00f3n a su m\u00e1ximo nivel de acabado, funcionalidad y dise\u00f1o. Porque un proyecto bien resuelto no termina en la tela, termina en cada&hellip;<\/p>","protected":false},"author":1,"featured_media":0,"parent":0,"menu_order":0,"comment_status":"closed","ping_status":"closed","template":"","meta":{"footnotes":""},"class_list":["post-2946","page","type-page","status-publish","hentry"],"_links":{"self":[{"href":"https:\/\/persianasunoxuno.com.co\/en\/wp-json\/wp\/v2\/pages\/2946","targetHints":{"allow":["GET"]}}],"collection":[{"href":"https:\/\/persianasunoxuno.com.co\/en\/wp-json\/wp\/v2\/pages"}],"about":[{"href":"https:\/\/persianasunoxuno.com.co\/en\/wp-json\/wp\/v2\/types\/page"}],"author":[{"embeddable":true,"href":"https:\/\/persianasunoxuno.com.co\/en\/wp-json\/wp\/v2\/users\/1"}],"replies":[{"embeddable":true,"href":"https:\/\/persianasunoxuno.com.co\/en\/wp-json\/wp\/v2\/comments?post=2946"}],"version-history":[{"count":5,"href":"https:\/\/persianasunoxuno.com.co\/en\/wp-json\/wp\/v2\/pages\/2946\/revisions"}],"predecessor-version":[{"id":2961,"href":"https:\/\/persianasunoxuno.com.co\/en\/wp-json\/wp\/v2\/pages\/2946\/revisions\/2961"}],"wp:attachment":[{"href":"https:\/\/persianasunoxuno.com.co\/en\/wp-json\/wp\/v2\/media?parent=2946"}],"curies":[{"name":"wp","href":"https:\/\/api.w.org\/{rel}","templated":true}]}}