{"id":3153,"date":"2026-05-05T20:05:11","date_gmt":"2026-05-05T19:05:11","guid":{"rendered":"https:\/\/persianasunoxuno.com.co\/?page_id=3153"},"modified":"2026-05-05T20:05:11","modified_gmt":"2026-05-05T19:05:11","slug":"panel-de-apertura-libre","status":"publish","type":"page","link":"https:\/\/persianasunoxuno.com.co\/en\/panel-de-apertura-libre\/","title":{"rendered":"Panel de Apertura Libre"},"content":{"rendered":"<strong>PANEL DE APERTURA LIBRE<br \/>\n<\/strong>\n<figure itemscope itemtype=\"https:\/\/schema.org\/ImageObject\">\n\t\t\t\t<img decoding=\"async\" src=\"https:\/\/persianasunoxuno.com.co\/wp-content\/uploads\/Panel-de-Apertura-Libre.png\" alt=\"Panel de Apertura Libre - Persianas UnoXUno\" height=\"1536\" width=\"1024\" title=\"Panel de Apertura Libre\" onerror=\"this.style.display='none'\" loading=\"lazy\" \/>\n\t<\/figure>\n\t<p>&nbsp;<\/p>\n<p><strong>PANEL DE APERTURA LIBRE<\/strong><\/p>\n<p>&nbsp;<\/p>\nDescubre el <strong data-start=\"157\" data-end=\"184\">Panel de Apertura Libre<\/strong>, una soluci\u00f3n innovadora que combina dise\u00f1o, funcionalidad y libertad de movimiento en un solo sistema.\nSu mecanismo permite lograr un <strong data-start=\"323\" data-end=\"352\">acabado limpio y continuo<\/strong>, mejorando la est\u00e9tica de cualquier espacio y facilitando una apertura m\u00e1s vers\u00e1til.\nIdeal para grandes ventanales, puertas corredizas o como divisor de ambientes, este sistema se adapta a diferentes necesidades, aportando orden, elegancia y practicidad.\nAdem\u00e1s, ofrece la posibilidad de jugar con <strong data-start=\"657\" data-end=\"686\">telas, texturas y colores<\/strong>, creando composiciones \u00fanicas que se integran de forma natural con el entorno.\nDisponible en una amplia variedad de tejidos como <strong data-start=\"819\" data-end=\"853\">screen, decorativos y blackout<\/strong>, es perfecto para espacios residenciales, comerciales o institucionales.\nUna propuesta pensada para quienes buscan dise\u00f1o sin l\u00edmites y soluciones que realmente funcionen.\n\t\t<iframe loading=\"lazy\" title=\"Panel Japon\u00e9s Apertura Libre UNOXUNO\" width=\"500\" height=\"281\" src=\"https:\/\/www.youtube.com\/embed\/sXWlmI_kyd4?feature=oembed\" frameborder=\"0\" allow=\"accelerometer; autoplay; clipboard-write; encrypted-media; gyroscope; picture-in-picture; web-share\" referrerpolicy=\"strict-origin-when-cross-origin\" allowfullscreen><\/iframe>","protected":false},"excerpt":{"rendered":"<p>PANEL DE APERTURA LIBRE &nbsp; PANEL DE APERTURA LIBRE &nbsp; Descubre el Panel de Apertura Libre, una soluci\u00f3n innovadora que combina dise\u00f1o, funcionalidad y libertad de movimiento en un solo sistema. Su mecanismo permite lograr un acabado limpio y continuo, mejorando la est\u00e9tica de cualquier espacio y facilitando una apertura m\u00e1s vers\u00e1til. Ideal para grandes&hellip;<\/p>","protected":false},"author":2,"featured_media":0,"parent":0,"menu_order":0,"comment_status":"closed","ping_status":"closed","template":"","meta":{"footnotes":""},"class_list":["post-3153","page","type-page","status-publish","hentry"],"_links":{"self":[{"href":"https:\/\/persianasunoxuno.com.co\/en\/wp-json\/wp\/v2\/pages\/3153","targetHints":{"allow":["GET"]}}],"collection":[{"href":"https:\/\/persianasunoxuno.com.co\/en\/wp-json\/wp\/v2\/pages"}],"about":[{"href":"https:\/\/persianasunoxuno.com.co\/en\/wp-json\/wp\/v2\/types\/page"}],"author":[{"embeddable":true,"href":"https:\/\/persianasunoxuno.com.co\/en\/wp-json\/wp\/v2\/users\/2"}],"replies":[{"embeddable":true,"href":"https:\/\/persianasunoxuno.com.co\/en\/wp-json\/wp\/v2\/comments?post=3153"}],"version-history":[{"count":2,"href":"https:\/\/persianasunoxuno.com.co\/en\/wp-json\/wp\/v2\/pages\/3153\/revisions"}],"predecessor-version":[{"id":3164,"href":"https:\/\/persianasunoxuno.com.co\/en\/wp-json\/wp\/v2\/pages\/3153\/revisions\/3164"}],"wp:attachment":[{"href":"https:\/\/persianasunoxuno.com.co\/en\/wp-json\/wp\/v2\/media?parent=3153"}],"curies":[{"name":"wp","href":"https:\/\/api.w.org\/{rel}","templated":true}]}}