{"id":3165,"date":"2026-05-05T20:10:39","date_gmt":"2026-05-05T19:10:39","guid":{"rendered":"https:\/\/persianasunoxuno.com.co\/?page_id=3165"},"modified":"2026-05-05T21:10:35","modified_gmt":"2026-05-05T20:10:35","slug":"riel-flexible","status":"publish","type":"page","link":"https:\/\/persianasunoxuno.com.co\/en\/riel-flexible\/","title":{"rendered":"Riel Flexible"},"content":{"rendered":"<strong>RIEL FLEXIBLE<br \/>\n<\/strong>\n<figure itemscope itemtype=\"https:\/\/schema.org\/ImageObject\">\n\t\t\t\t<img decoding=\"async\" src=\"https:\/\/persianasunoxuno.com.co\/wp-content\/uploads\/Riel-Flexible.png\" alt=\"Riel Flexible - Persianas UnoXUno\" height=\"1536\" width=\"1024\" title=\"Riel Flexible\" onerror=\"this.style.display='none'\" loading=\"lazy\" \/>\n\t<\/figure>\n\t<p>&nbsp;<\/p>\n<p><strong>RIEL FLEXIBLE<\/strong><\/p>\n<p>&nbsp;<\/p>\n<section dir=\"auto\" data-turn-id=\"request-WEB:e6545376-dea4-4eca-9a0a-22e88f84f813-0\" data-testid=\"conversation-turn-2\" data-scroll-anchor=\"false\" data-turn=\"assistant\">\nDise\u00f1ado para llevar la cortiner\u00eda a otro nivel. Su principal innovaci\u00f3n es la capacidad de adaptarse con precisi\u00f3n a cualquier tipo de espacio arquitect\u00f3nico.\n\nA diferencia de los rieles tradicionales, <strong>este sistema se curva con facilidad,<\/strong> permitiendo la instalaci\u00f3n de cortinas en ventanas <strong>curvas, esquinas o arcos<\/strong>, sin romper la continuidad del dise\u00f1o interior.\n\nEn confecciones tipo Onda Textil, el riel flexible garantiza una separaci\u00f3n constante de las ondas, logrando una ca\u00edda uniforme, fluida y elegante incluso en recorridos irregulares.\n\nEn sistemas de Pliegue Franc\u00e9s, asegura que los pliegues mantengan su volumen, simetr\u00eda y ca\u00edda natural, conservando la sofisticaci\u00f3n del textil en espacios complejos.\n\nEste riel flexible es una soluci\u00f3n vers\u00e1til, est\u00e9tica y funcional, ideal para proyectos residenciales, comerciales e institucionales que buscan libertad total en el dise\u00f1o.\n\nDise\u00f1o y funcionalidad en cada detalle. Insp\u00edrate con un mundo de posibilidades.\n<\/section>\n\t\t<iframe loading=\"lazy\" title=\"Riel Flexible UNOXUNO\" width=\"500\" height=\"281\" src=\"https:\/\/www.youtube.com\/embed\/IT09prIzP2I?feature=oembed\" frameborder=\"0\" allow=\"accelerometer; autoplay; clipboard-write; encrypted-media; gyroscope; picture-in-picture; web-share\" referrerpolicy=\"strict-origin-when-cross-origin\" allowfullscreen><\/iframe>","protected":false},"excerpt":{"rendered":"<p>RIEL FLEXIBLE &nbsp; RIEL FLEXIBLE &nbsp; Dise\u00f1ado para llevar la cortiner\u00eda a otro nivel. Su principal innovaci\u00f3n es la capacidad de adaptarse con precisi\u00f3n a cualquier tipo de espacio arquitect\u00f3nico. A diferencia de los rieles tradicionales, este sistema se curva con facilidad, permitiendo la instalaci\u00f3n de cortinas en ventanas curvas, esquinas o arcos, sin romper&hellip;<\/p>","protected":false},"author":2,"featured_media":0,"parent":0,"menu_order":0,"comment_status":"closed","ping_status":"closed","template":"","meta":{"footnotes":""},"class_list":["post-3165","page","type-page","status-publish","hentry"],"_links":{"self":[{"href":"https:\/\/persianasunoxuno.com.co\/en\/wp-json\/wp\/v2\/pages\/3165","targetHints":{"allow":["GET"]}}],"collection":[{"href":"https:\/\/persianasunoxuno.com.co\/en\/wp-json\/wp\/v2\/pages"}],"about":[{"href":"https:\/\/persianasunoxuno.com.co\/en\/wp-json\/wp\/v2\/types\/page"}],"author":[{"embeddable":true,"href":"https:\/\/persianasunoxuno.com.co\/en\/wp-json\/wp\/v2\/users\/2"}],"replies":[{"embeddable":true,"href":"https:\/\/persianasunoxuno.com.co\/en\/wp-json\/wp\/v2\/comments?post=3165"}],"version-history":[{"count":3,"href":"https:\/\/persianasunoxuno.com.co\/en\/wp-json\/wp\/v2\/pages\/3165\/revisions"}],"predecessor-version":[{"id":3182,"href":"https:\/\/persianasunoxuno.com.co\/en\/wp-json\/wp\/v2\/pages\/3165\/revisions\/3182"}],"wp:attachment":[{"href":"https:\/\/persianasunoxuno.com.co\/en\/wp-json\/wp\/v2\/media?parent=3165"}],"curies":[{"name":"wp","href":"https:\/\/api.w.org\/{rel}","templated":true}]}}