{"id":361,"date":"2019-12-23T14:16:31","date_gmt":"2019-12-23T14:16:31","guid":{"rendered":"https:\/\/persianasunoxuno.com.co\/?page_id=361"},"modified":"2026-04-27T16:03:48","modified_gmt":"2026-04-27T15:03:48","slug":"persianas-verticales","status":"publish","type":"page","link":"https:\/\/persianasunoxuno.com.co\/en\/persianas-verticales\/","title":{"rendered":"VERTICAL BLINDS"},"content":{"rendered":"<p>VERTICAL BLINDS<\/p>\n<figure itemscope itemtype=\"https:\/\/schema.org\/ImageObject\">\n\t\t\t\t<img decoding=\"async\" src=\"https:\/\/persianasunoxuno.com.co\/wp-content\/uploads\/portada-persiana-vertical.png\" alt=\"portada-persiana-vertical\" height=\"2048\" width=\"2048\" title=\"portada-persiana-vertical\" onerror=\"this.style.display='none'\" loading=\"lazy\" \/>\n\t<\/figure>\n\t<p><strong>VERTICAL BLINDS<\/strong><\/p>\n<p><strong>Order, proportion, and light control for large spaces<\/strong><\/p>\n<p>Vertical blinds are synonymous with structural elegance. Their adjustable vertical vanes allow precise light direction, creating dynamic and balanced environments at any time of day.<\/p>\n<p>&nbsp;<\/p>\n<p><strong>Why choose them?<\/strong><\/p>\n<ul>\n<li>The ideal solution for floor-to-ceiling windows, sliding doors, and large-format spaces.<\/li>\n<li>Rotating vanes allow adjustment from full light entry to complete privacy.<\/li>\n<li>Available in fabric, PVC, and high-performance technical materials for both residential and commercial use.<\/li>\n<li>Individual vanes can be replaced without replacing the entire system.<\/li>\n<li>Clean, structured aesthetic that adds verticality and visual breadth to the space.<\/li>\n<\/ul>\n<p>&nbsp;<\/p>\n<p><strong>Care instructions:<\/strong><\/p>\n<ul>\n<li>Clean each vane individually with a damp cloth or low-suction vacuum attachment.<\/li>\n<li>Avoid pulling the cord or chain abruptly to preserve the rotating mechanism.<\/li>\n<li>In high-humidity environments, opt for PVC or technical material vanes.<\/li>\n<\/ul>\n\t<p><strong>Follow us<\/strong><\/p>\n\t<center><a href=\"https:\/\/www.facebook.com\/TextilesUnoxUno\/\">&nbsp; &nbsp; &nbsp;<\/a><a href=\"https:\/\/www.facebook.com\/TextilesUnoxUno\/\" target=\"_blank\" rel=\"noopener\"><img loading=\"lazy\" decoding=\"async\" src=\"https:\/\/sfo2.digitaloceanspaces.com\/eruditus\/unoxuno\/wp-content\/uploads\/2019\/10\/15181330\/facebook.png\" alt=\"\" width=\"46\" height=\"46\" srcset=\"https:\/\/sfo2.digitaloceanspaces.com\/eruditus\/unoxuno\/wp-content\/uploads\/2019\/10\/15181330\/facebook.png 128w, https:\/\/sfo2.digitaloceanspaces.com\/eruditus\/unoxuno\/wp-content\/uploads\/2019\/10\/15181330\/facebook-100x100.png 100w\" sizes=\"auto, (max-width: 46px) 100vw, 46px\"\/><\/a><a href=\"https:\/\/www.instagram.com\/textilesunoxuno\/\" target=\"_blank\" rel=\"noopener\"><img loading=\"lazy\" decoding=\"async\" src=\"https:\/\/sfo2.digitaloceanspaces.com\/eruditus\/unoxuno\/wp-content\/uploads\/2019\/10\/15181349\/instagram.png\" alt=\"\" width=\"43\" height=\"43\" srcset=\"https:\/\/sfo2.digitaloceanspaces.com\/eruditus\/unoxuno\/wp-content\/uploads\/2019\/10\/15181349\/instagram.png 128w, https:\/\/sfo2.digitaloceanspaces.com\/eruditus\/unoxuno\/wp-content\/uploads\/2019\/10\/15181349\/instagram-100x100.png 100w\" sizes=\"auto, (max-width: 43px) 100vw, 43px\"\/><\/a><a href=\"https:\/\/www.linkedin.com\/company\/23717199\/\" target=\"_blank\" rel=\"noopener\"><img loading=\"lazy\" decoding=\"async\" src=\"https:\/\/sfo2.digitaloceanspaces.com\/eruditus\/unoxuno\/wp-content\/uploads\/2019\/10\/15181345\/linkedin.png\" alt=\"\" width=\"47\" height=\"47\" srcset=\"https:\/\/sfo2.digitaloceanspaces.com\/eruditus\/unoxuno\/wp-content\/uploads\/2019\/10\/15181345\/linkedin.png 128w, https:\/\/sfo2.digitaloceanspaces.com\/eruditus\/unoxuno\/wp-content\/uploads\/2019\/10\/15181345\/linkedin-100x100.png 100w\" sizes=\"auto, (max-width: 47px) 100vw, 47px\"\/><\/a><a href=\"https:\/\/www.youtube.com\/channel\/UCDCote3H1Vk2L1aJyscR_RQ\/videos\" target=\"_blank\" rel=\"noopener\"><img loading=\"lazy\" decoding=\"async\" src=\"https:\/\/sfo2.digitaloceanspaces.com\/eruditus\/unoxuno\/wp-content\/uploads\/2019\/10\/15181353\/youtube.png\" alt=\"\" width=\"46\" height=\"46\" srcset=\"https:\/\/sfo2.digitaloceanspaces.com\/eruditus\/unoxuno\/wp-content\/uploads\/2019\/10\/15181353\/youtube.png 128w, https:\/\/sfo2.digitaloceanspaces.com\/eruditus\/unoxuno\/wp-content\/uploads\/2019\/10\/15181353\/youtube-100x100.png 100w\" sizes=\"auto, (max-width: 46px) 100vw, 46px\"\/><\/a><\/center>\n\t<p><img loading=\"lazy\" decoding=\"async\" src=\"https:\/\/sfo2.digitaloceanspaces.com\/eruditus\/persianas\/PERSIANAS_White-300x150.png\" alt=\"\" width=\"300\" height=\"150\" \/><\/p>\n\t<p><strong>PBX:<\/strong> +57 (601) 745 75 45<\/p>\n<p><strong>Customer service<\/strong><\/p>\n<p><strong>Tel\u00e9fono: <\/strong>+57 3336029111<\/p>\n\t<p>info.persianas@unoxuno.com.co<\/p>\n<p>sac.persianas@unoxuno.com.co<\/p>\n<p>persianas@unoxuno.com.co<\/p>\n\t<strong>Jefatura Comercial<\/strong><br \/>\nJuliana.giraldo@unoxuno.com.co\n<strong>Headquarters<\/strong><br \/>\nCarrera 65a # 18a - 42\n<p>Bogota<\/p>\n\t<p><a href=\"https:\/\/unoxuno.com.co\/terminos-y-condiciones\/\" target=\"_blank\" rel=\"noopener\">Terms and conditions of our website<\/a> &#8211; <a href=\"https:\/\/unoxuno.com.co\/politicas-de-privacidad\" target=\"_blank\" rel=\"noopener\">Privacy Policy Uno x Uno - <\/a><a href=\"https:\/\/persianasunoxuno.com.co\/en\/politicas-de-seguridad-y-garantia\/\">Security and warranty policies<\/a><\/p>","protected":false},"excerpt":{"rendered":"<p>PERSIANAS VERTICALES PERSIANAS VERTICALES Orden, proporci\u00f3n y control lum\u00ednico para grandes espacios Las persianas verticales son sin\u00f3nimo de elegancia estructural. Sus lamas verticales orientables permiten dirigir la luz con total precisi\u00f3n, creando ambientes din\u00e1micos y equilibrados en cualquier momento del d\u00eda. &nbsp; \u00bfPor qu\u00e9 elegirlas? Soluci\u00f3n ideal para ventanales de piso a techo, puertas corredizas&hellip;<\/p>","protected":false},"author":1,"featured_media":0,"parent":0,"menu_order":0,"comment_status":"closed","ping_status":"closed","template":"","meta":{"footnotes":""},"class_list":["post-361","page","type-page","status-publish","hentry"],"_links":{"self":[{"href":"https:\/\/persianasunoxuno.com.co\/en\/wp-json\/wp\/v2\/pages\/361","targetHints":{"allow":["GET"]}}],"collection":[{"href":"https:\/\/persianasunoxuno.com.co\/en\/wp-json\/wp\/v2\/pages"}],"about":[{"href":"https:\/\/persianasunoxuno.com.co\/en\/wp-json\/wp\/v2\/types\/page"}],"author":[{"embeddable":true,"href":"https:\/\/persianasunoxuno.com.co\/en\/wp-json\/wp\/v2\/users\/1"}],"replies":[{"embeddable":true,"href":"https:\/\/persianasunoxuno.com.co\/en\/wp-json\/wp\/v2\/comments?post=361"}],"version-history":[{"count":5,"href":"https:\/\/persianasunoxuno.com.co\/en\/wp-json\/wp\/v2\/pages\/361\/revisions"}],"predecessor-version":[{"id":3028,"href":"https:\/\/persianasunoxuno.com.co\/en\/wp-json\/wp\/v2\/pages\/361\/revisions\/3028"}],"wp:attachment":[{"href":"https:\/\/persianasunoxuno.com.co\/en\/wp-json\/wp\/v2\/media?parent=361"}],"curies":[{"name":"wp","href":"https:\/\/api.w.org\/{rel}","templated":true}]}}