{"id":400,"date":"2019-12-23T20:41:37","date_gmt":"2019-12-23T20:41:37","guid":{"rendered":"https:\/\/persianasunoxuno.com.co\/?page_id=400"},"modified":"2026-04-22T15:44:29","modified_gmt":"2026-04-22T14:44:29","slug":"trabaje-con-nosotros","status":"publish","type":"page","link":"https:\/\/persianasunoxuno.com.co\/en\/trabaje-con-nosotros\/","title":{"rendered":"Work with us"},"content":{"rendered":"\n\n\t<p>&nbsp;<\/p>\n<p><b>TRABAJA CON NOSOTROS<\/b><\/p>\n\n<p>&nbsp;<\/p>\n\t<p>S\u00e9 parte del equipo de trabajo de <img loading=\"lazy\" decoding=\"async\" src=\"https:\/\/sfo2.digitaloceanspaces.com\/eruditus\/persianas\/Logo-para-web-002okikoki.png\" alt=\"\" width=\"286\" height=\"61\" \/><\/p>\n\t<div class=\"wpforms-container wpforms-container-full\" id=\"wpforms-398\"><form id=\"wpforms-form-398\" class=\"wpforms-validate wpforms-form\" data-formid=\"398\" method=\"post\" enctype=\"multipart\/form-data\" action=\"\/en\/wp-json\/wp\/v2\/pages\/400?wpforms_form_id=398\" data-token=\"70d6da8bcc44ccba6c37a17731590b1b\" data-token-time=\"1777950697\"><noscript class=\"wpforms-error-noscript\">Please enable JavaScript in your browser to complete this form.<\/noscript><div class=\"wpforms-field-container\"><div id=\"wpforms-398-field_0-container\" class=\"wpforms-field wpforms-field-name\" data-field-id=\"0\"><label class=\"wpforms-field-label\" for=\"wpforms-398-field_0\">Nombres y apellidos <span class=\"wpforms-required-label\">*<\/span><\/label><input type=\"text\" id=\"wpforms-398-field_0\" class=\"wpforms-field-large wpforms-field-required\" name=\"wpforms[fields][0]\" required><\/div><div id=\"wpforms-398-field_4-container\" class=\"wpforms-field wpforms-field-address\" data-field-id=\"4\"><label class=\"wpforms-field-label\">Direcci\u00f3n <span class=\"wpforms-required-label\">*<\/span><\/label><div class=\"wpforms-field-row wpforms-field-large\"><div ><input type=\"text\" id=\"wpforms-398-field_4\" class=\"wpforms-field-address-address1 wpforms-field-required\" name=\"wpforms[fields][4][address1]\" required><label for=\"wpforms-398-field_4\" class=\"wpforms-field-sublabel after\">Address Line 1<\/label><\/div><\/div><div class=\"wpforms-field-row wpforms-field-large\"><div class=\"wpforms-field-row-block wpforms-one-half wpforms-first\"><input type=\"text\" id=\"wpforms-398-field_4-city\" class=\"wpforms-field-address-city wpforms-field-required\" name=\"wpforms[fields][4][city]\" required><label for=\"wpforms-398-field_4-city\" class=\"wpforms-field-sublabel after\">City<\/label><\/div><div class=\"wpforms-field-row-block wpforms-one-half\"><input type=\"text\" id=\"wpforms-398-field_4-state\" class=\"wpforms-field-address-state wpforms-field-required\" name=\"wpforms[fields][4][state]\" required><label for=\"wpforms-398-field_4-state\" class=\"wpforms-field-sublabel after\">State \/ Province \/ Region<\/label><\/div><\/div><\/div><div id=\"wpforms-398-field_5-container\" class=\"wpforms-field wpforms-field-phone\" data-field-id=\"5\"><label class=\"wpforms-field-label\" for=\"wpforms-398-field_5\">Tel\u00e9fono <span class=\"wpforms-required-label\">*<\/span><\/label><input type=\"tel\" id=\"wpforms-398-field_5\" class=\"wpforms-field-large wpforms-field-required\" data-rule-int-phone-field=\"true\" name=\"wpforms[fields][5]\" aria-label=\"Tel\u00e9fono\" required><\/div><div id=\"wpforms-398-field_1-container\" class=\"wpforms-field wpforms-field-email\" data-field-id=\"1\"><label class=\"wpforms-field-label\" for=\"wpforms-398-field_1\">Email <span class=\"wpforms-required-label\">*<\/span><\/label><input type=\"email\" id=\"wpforms-398-field_1\" class=\"wpforms-field-large wpforms-field-required\" name=\"wpforms[fields][1]\" spellcheck=\"false\" required><\/div><div id=\"wpforms-398-field_6-container\" class=\"wpforms-field wpforms-field-select\" data-field-id=\"6\"><label class=\"wpforms-field-label\" for=\"wpforms-398-field_6\">\u00c1rea de inter\u00e9s <span class=\"wpforms-required-label\">*<\/span><\/label><select id=\"wpforms-398-field_6\" class=\"wpforms-field-large wpforms-field-required\" name=\"wpforms[fields][6]\" required=\"required\"><option value=\"Comercial\"  class=\"choice-1 depth-1\"  >Comercial<\/option><option value=\"Recursos Humanos \"  class=\"choice-2 depth-1\"  >Recursos Humanos<\/option><option value=\"Mercadeo\"  class=\"choice-3 depth-1\"  >Mercadeo<\/option><option value=\"Dise\u00f1o\"  class=\"choice-4 depth-1\"  >Dise\u00f1o<\/option><option value=\"Finanzas\"  class=\"choice-5 depth-1\"  >Finanzas<\/option><option value=\"Producci\u00f3n\"  class=\"choice-6 depth-1\"  >Producci\u00f3n<\/option><option value=\"Contabilidad\"  class=\"choice-7 depth-1\"  >Contabilidad<\/option><option value=\"Log\u00edstica\"  class=\"choice-8 depth-1\"  >Log\u00edstica<\/option><\/select><\/div><div id=\"wpforms-398-field_7-container\" class=\"wpforms-field wpforms-field-file-upload\" data-field-id=\"7\"><label class=\"wpforms-field-label\" for=\"wpforms-398-field_7\">Subida de archivos (.zip, .rar) <span class=\"wpforms-required-label\">*<\/span><\/label><div\n\t\tclass=\"wpforms-uploader wpforms-field-required\"\n\t\tdata-field-id=\"7\"\n\t\tdata-form-id=\"398\"\n\t\tdata-input-name=\"wpforms_398_7\"\n\t\tdata-extensions=\"jpg,png,pdf,doc,zip\"\n\t\tdata-max-size=\"536870912\"\n\t\tdata-max-file-number=\"1\"\n\t\tdata-post-max-size=\"536870912\"\n\t\tdata-max-parallel-uploads=\"4\"\n\t\tdata-parallel-uploads=\"true\"\n\t\tdata-file-chunk-size=\"2097152\">\n\t<div class=\"dz-message\">\n\t\t<svg  viewBox=\"0 0 640 640\" focusable=\"false\" data-icon=\"inbox\" width=\"50px\" height=\"50px\" fill=\"currentColor\" aria-hidden=\"true\">\n\t\t\t<path d=\"M352 173.3L352 384C352 401.7 337.7 416 320 416C302.3 416 288 401.7 288 384L288 173.3L246.6 214.7C234.1 227.2 213.8 227.2 201.3 214.7C188.8 202.2 188.8 181.9 201.3 169.4L297.3 73.4C309.8 60.9 330.1 60.9 342.6 73.4L438.6 169.4C451.1 181.9 451.1 202.2 438.6 214.7C426.1 227.2 405.8 227.2 393.3 214.7L352 173.3zM320 464C364.2 464 400 428.2 400 384L480 384C515.3 384 544 412.7 544 448L544 480C544 515.3 515.3 544 480 544L160 544C124.7 544 96 515.3 96 480L96 448C96 412.7 124.7 384 160 384L240 384C240 428.2 275.8 464 320 464zM464 488C477.3 488 488 477.3 488 464C488 450.7 477.3 440 464 440C450.7 440 440 450.7 440 464C440 477.3 450.7 488 464 488z\"\/>\n\t\t<\/svg>\n\n\t\t<span class=\"modern-title\">\n\t\t\t\t\t\t\tDrag &amp; Drop Files, \t\t\t\t<span>Choose Files to Upload<\/span>\n\t\t\t\t\t<\/span>\n\n\t\t\t<\/div>\n<\/div>\n\n<input\n\t\ttype=\"text\"\n\t\tautocomplete=\"off\"\n\t\treadonly\n\t\tclass=\"dropzone-input\"\n\t\tstyle=\"position:absolute!important;clip:rect(0,0,0,0)!important;height:1px!important;width:1px!important;border:0!important;overflow:hidden!important;padding:0!important;margin:0!important;\"\n\t\tid=\"wpforms-398-field_7\"\n\t\tname=\"wpforms_398_7\" required\t\tvalue=\"\">\n<\/div><div id=\"wpforms-398-field_3-container\" class=\"wpforms-field wpforms-field-checkbox\" data-field-id=\"3\"><label class=\"wpforms-field-label\">T\u00e9rminos y condiciones - Pol\u00edticas de Privacidad <span class=\"wpforms-required-label\">*<\/span><\/label><ul id=\"wpforms-398-field_3\" class=\"wpforms-field-required\"><li class=\"choice-1 depth-1\"><input type=\"checkbox\" id=\"wpforms-398-field_3_1\" name=\"wpforms[fields][3][]\" value=\"&lt;a href=&quot;https:\/\/unoxuno.com.co\/intranet\/terminos-y-condiciones-de-uso-de-la-pagina-web\/&quot;&gt;Acepto t\u00e9rminos y condiciones de nuestra p\u00e1gina web&lt;\/a&gt;\" required ><label class=\"wpforms-field-label-inline\" for=\"wpforms-398-field_3_1\"><a href=\"https:\/\/unoxuno.com.co\/intranet\/terminos-y-condiciones-de-uso-de-la-pagina-web\/\">Acepto t\u00e9rminos y condiciones de nuestra p\u00e1gina web<\/a><\/label><\/li><li class=\"choice-2 depth-1\"><input type=\"checkbox\" id=\"wpforms-398-field_3_2\" name=\"wpforms[fields][3][]\" value=\"&lt;a href=&quot;https:\/\/unoxuno.com.co\/intranet\/politica-de-tratamiento-de-datos-personales\/&quot;&gt;Acepto pol\u00edticas de privacidad&lt;\/a&gt;\" required ><label class=\"wpforms-field-label-inline\" for=\"wpforms-398-field_3_2\"><a href=\"https:\/\/unoxuno.com.co\/intranet\/politica-de-tratamiento-de-datos-personales\/\">Acepto pol\u00edticas de privacidad<\/a><\/label><\/li><\/ul><\/div><\/div><!-- .wpforms-field-container --><div class=\"wpforms-field wpforms-field-hp\"><label for=\"wpforms-398-field-hp\" class=\"wpforms-field-label\">Name<\/label><input type=\"text\" name=\"wpforms[hp]\" id=\"wpforms-398-field-hp\" class=\"wpforms-field-medium\"><\/div><div class=\"wpforms-submit-container\" ><input type=\"hidden\" name=\"wpforms[id]\" value=\"398\"><input type=\"hidden\" name=\"page_title\" value=\"\"><input type=\"hidden\" name=\"page_url\" value=\"https:\/\/persianasunoxuno.com.co\/en\/wp-json\/wp\/v2\/pages\/400\"><input type=\"hidden\" name=\"url_referer\" value=\"\"><button type=\"submit\" name=\"wpforms[submit]\" id=\"wpforms-submit-398\" class=\"wpforms-submit\" data-alt-text=\"Enviando...\" data-submit-text=\"Enviar mensaje\" aria-live=\"assertive\" value=\"wpforms-submit\">Enviar mensaje<\/button><\/div><\/form><\/div>  <!-- .wpforms-container -->\t\n\t<p><strong>S\u00edguenos<\/strong><\/p>\n\t<center><a href=\"https:\/\/www.facebook.com\/TextilesUnoxUno\/\">&nbsp; &nbsp; &nbsp;<\/a><a href=\"https:\/\/www.facebook.com\/TextilesUnoxUno\/\" target=\"_blank\" rel=\"noopener\"><img loading=\"lazy\" decoding=\"async\" src=\"https:\/\/sfo2.digitaloceanspaces.com\/eruditus\/unoxuno\/wp-content\/uploads\/2019\/10\/15181330\/facebook.png\" alt=\"\" width=\"46\" height=\"46\" srcset=\"https:\/\/sfo2.digitaloceanspaces.com\/eruditus\/unoxuno\/wp-content\/uploads\/2019\/10\/15181330\/facebook.png 128w, https:\/\/sfo2.digitaloceanspaces.com\/eruditus\/unoxuno\/wp-content\/uploads\/2019\/10\/15181330\/facebook-100x100.png 100w\" sizes=\"auto, (max-width: 46px) 100vw, 46px\"\/><\/a><a href=\"https:\/\/www.instagram.com\/textilesunoxuno\/\" target=\"_blank\" rel=\"noopener\"><img loading=\"lazy\" decoding=\"async\" src=\"https:\/\/sfo2.digitaloceanspaces.com\/eruditus\/unoxuno\/wp-content\/uploads\/2019\/10\/15181349\/instagram.png\" alt=\"\" width=\"43\" height=\"43\" srcset=\"https:\/\/sfo2.digitaloceanspaces.com\/eruditus\/unoxuno\/wp-content\/uploads\/2019\/10\/15181349\/instagram.png 128w, https:\/\/sfo2.digitaloceanspaces.com\/eruditus\/unoxuno\/wp-content\/uploads\/2019\/10\/15181349\/instagram-100x100.png 100w\" sizes=\"auto, (max-width: 43px) 100vw, 43px\"\/><\/a><a href=\"https:\/\/www.linkedin.com\/company\/23717199\/\" target=\"_blank\" rel=\"noopener\"><img loading=\"lazy\" decoding=\"async\" src=\"https:\/\/sfo2.digitaloceanspaces.com\/eruditus\/unoxuno\/wp-content\/uploads\/2019\/10\/15181345\/linkedin.png\" alt=\"\" width=\"47\" height=\"47\" srcset=\"https:\/\/sfo2.digitaloceanspaces.com\/eruditus\/unoxuno\/wp-content\/uploads\/2019\/10\/15181345\/linkedin.png 128w, https:\/\/sfo2.digitaloceanspaces.com\/eruditus\/unoxuno\/wp-content\/uploads\/2019\/10\/15181345\/linkedin-100x100.png 100w\" sizes=\"auto, (max-width: 47px) 100vw, 47px\"\/><\/a><a href=\"https:\/\/www.youtube.com\/channel\/UCDCote3H1Vk2L1aJyscR_RQ\/videos\" target=\"_blank\" rel=\"noopener\"><img loading=\"lazy\" decoding=\"async\" src=\"https:\/\/sfo2.digitaloceanspaces.com\/eruditus\/unoxuno\/wp-content\/uploads\/2019\/10\/15181353\/youtube.png\" alt=\"\" width=\"46\" height=\"46\" srcset=\"https:\/\/sfo2.digitaloceanspaces.com\/eruditus\/unoxuno\/wp-content\/uploads\/2019\/10\/15181353\/youtube.png 128w, https:\/\/sfo2.digitaloceanspaces.com\/eruditus\/unoxuno\/wp-content\/uploads\/2019\/10\/15181353\/youtube-100x100.png 100w\" sizes=\"auto, (max-width: 46px) 100vw, 46px\"\/><\/a><\/center>\n\t<p><img loading=\"lazy\" decoding=\"async\" src=\"https:\/\/sfo2.digitaloceanspaces.com\/eruditus\/persianas\/PERSIANAS_White-300x150.png\" alt=\"\" width=\"300\" height=\"150\" \/><\/p>\n\t<p><strong>PBX:<\/strong> +57 (601) 745 75 45<\/p>\n<p><strong>Servicio al cliente<\/strong><\/p>\n<p><strong>Tel\u00e9fono: <\/strong>+57 3336029111<\/p>\n\t<p>info.persianas@unoxuno.com.co<\/p>\n<p>sac.persianas@unoxuno.com.co<\/p>\n<p>persianas@noxuno.com.co<\/p>\n\t<strong>Jefatura Comercial<\/strong><br \/>\nJuliana.giraldo@unoxuno.com.co\n<strong>Direcci\u00f3n F\u00e1brica<\/strong><br \/>\nCarrera 65a # 18a &#8211; 42\n<p>Bogot\u00e1.<\/p>\n\t<p><a href=\"https:\/\/unoxuno.com.co\/terminos-y-condiciones\/\" target=\"_blank\" rel=\"noopener\">T\u00e9rminos y condiciones de nuestra p\u00e1gina web<\/a> &#8211; <a href=\"https:\/\/unoxuno.com.co\/politicas-de-privacidad\" target=\"_blank\" rel=\"noopener\">Pol\u00edticas de privacidad Uno x Uno &#8211; <\/a><a href=\"https:\/\/persianasunoxuno.com.co\/politicas-de-seguridad-y-garantia\">Pol\u00edticas de seguridad y garant\u00eda<\/a><\/p>\n\n","protected":false},"excerpt":{"rendered":"<p>&nbsp; TRABAJA CON NOSOTROS &nbsp; S\u00e9 parte del equipo de trabajo de S\u00edguenos &nbsp; &nbsp; &nbsp; PBX: +57 (601) 745 75 45 Servicio al cliente Tel\u00e9fono: +57 3336029111 info.persianas@unoxuno.com.co sac.persianas@unoxuno.com.co persianas@noxuno.com.co Jefatura Comercial Juliana.giraldo@unoxuno.com.co Direcci\u00f3n F\u00e1brica Carrera 65a # 18a &#8211; 42 Bogot\u00e1. T\u00e9rminos y condiciones de nuestra p\u00e1gina web &#8211; Pol\u00edticas de privacidad Uno&hellip;<\/p>","protected":false},"author":1,"featured_media":0,"parent":0,"menu_order":0,"comment_status":"closed","ping_status":"closed","template":"","meta":{"footnotes":""},"class_list":["post-400","page","type-page","status-publish","hentry"],"_links":{"self":[{"href":"https:\/\/persianasunoxuno.com.co\/en\/wp-json\/wp\/v2\/pages\/400","targetHints":{"allow":["GET"]}}],"collection":[{"href":"https:\/\/persianasunoxuno.com.co\/en\/wp-json\/wp\/v2\/pages"}],"about":[{"href":"https:\/\/persianasunoxuno.com.co\/en\/wp-json\/wp\/v2\/types\/page"}],"author":[{"embeddable":true,"href":"https:\/\/persianasunoxuno.com.co\/en\/wp-json\/wp\/v2\/users\/1"}],"replies":[{"embeddable":true,"href":"https:\/\/persianasunoxuno.com.co\/en\/wp-json\/wp\/v2\/comments?post=400"}],"version-history":[{"count":2,"href":"https:\/\/persianasunoxuno.com.co\/en\/wp-json\/wp\/v2\/pages\/400\/revisions"}],"predecessor-version":[{"id":2955,"href":"https:\/\/persianasunoxuno.com.co\/en\/wp-json\/wp\/v2\/pages\/400\/revisions\/2955"}],"wp:attachment":[{"href":"https:\/\/persianasunoxuno.com.co\/en\/wp-json\/wp\/v2\/media?parent=400"}],"curies":[{"name":"wp","href":"https:\/\/api.w.org\/{rel}","templated":true}]}}