{"id":406,"date":"2019-12-23T20:55:21","date_gmt":"2019-12-23T20:55:21","guid":{"rendered":"https:\/\/persianasunoxuno.com.co\/?page_id=406"},"modified":"2026-04-23T17:51:10","modified_gmt":"2026-04-23T16:51:10","slug":"presencia-internacional","status":"publish","type":"page","link":"https:\/\/persianasunoxuno.com.co\/en\/presencia-internacional\/","title":{"rendered":"Worldwide Presence"},"content":{"rendered":"<p><img decoding=\"async\" src=\"https:\/\/persianasunoxuno.com.co\/wp-content\/uploads\/2019\/12\/mapa-unoxuno-1.png\" alt=\"mapa-unoxuno-1\" \/><\/p>\n<p style=\"text-align: center;\">Contact<\/p>\n<p style=\"text-align: center;\"><strong>\u00c1lvaro Maya. Gerente Comercial Internacional<\/strong><\/p>\n<p style=\"text-align: center;\">Phone number<\/p>\n<p style=\"text-align: center;\"><strong>+57 3162904440.<\/strong><\/p>\n<p style=\"text-align: center;\">Email:<\/p>\n<p style=\"text-align: center;\">alvaro.maya@unoxuno.com.co<\/p>\n<p style=\"text-align: center;\"><strong>Follow us<\/strong><\/p>\n<p><center><a href=\"https:\/\/www.facebook.com\/TextilesUnoxUno\/\">\u00a0 \u00a0 \u00a0<\/a><a href=\"https:\/\/www.facebook.com\/TextilesUnoxUno\/\" target=\"_blank\" rel=\"noopener noreferrer\"><img loading=\"lazy\" decoding=\"async\" src=\"https:\/\/sfo2.digitaloceanspaces.com\/eruditus\/unoxuno\/wp-content\/uploads\/2019\/10\/15181330\/facebook.png\" sizes=\"auto, (max-width: 46px) 100vw, 46px\" srcset=\"https:\/\/sfo2.digitaloceanspaces.com\/eruditus\/unoxuno\/wp-content\/uploads\/2019\/10\/15181330\/facebook.png 128w, https:\/\/sfo2.digitaloceanspaces.com\/eruditus\/unoxuno\/wp-content\/uploads\/2019\/10\/15181330\/facebook-100x100.png 100w\" alt=\"\" width=\"46\" height=\"46\" \/><\/a><a href=\"https:\/\/www.instagram.com\/textilesunoxuno\/\" target=\"_blank\" rel=\"noopener noreferrer\"><img loading=\"lazy\" decoding=\"async\" src=\"https:\/\/sfo2.digitaloceanspaces.com\/eruditus\/unoxuno\/wp-content\/uploads\/2019\/10\/15181349\/instagram.png\" sizes=\"auto, (max-width: 43px) 100vw, 43px\" srcset=\"https:\/\/sfo2.digitaloceanspaces.com\/eruditus\/unoxuno\/wp-content\/uploads\/2019\/10\/15181349\/instagram.png 128w, https:\/\/sfo2.digitaloceanspaces.com\/eruditus\/unoxuno\/wp-content\/uploads\/2019\/10\/15181349\/instagram-100x100.png 100w\" alt=\"\" width=\"43\" height=\"43\" \/><\/a><a href=\"https:\/\/www.linkedin.com\/company\/23717199\/\" target=\"_blank\" rel=\"noopener noreferrer\"><img loading=\"lazy\" decoding=\"async\" src=\"https:\/\/sfo2.digitaloceanspaces.com\/eruditus\/unoxuno\/wp-content\/uploads\/2019\/10\/15181345\/linkedin.png\" sizes=\"auto, (max-width: 47px) 100vw, 47px\" srcset=\"https:\/\/sfo2.digitaloceanspaces.com\/eruditus\/unoxuno\/wp-content\/uploads\/2019\/10\/15181345\/linkedin.png 128w, https:\/\/sfo2.digitaloceanspaces.com\/eruditus\/unoxuno\/wp-content\/uploads\/2019\/10\/15181345\/linkedin-100x100.png 100w\" alt=\"\" width=\"47\" height=\"47\" \/><\/a><a href=\"https:\/\/www.youtube.com\/channel\/UCDCote3H1Vk2L1aJyscR_RQ\/videos\" target=\"_blank\" rel=\"noopener noreferrer\"><img loading=\"lazy\" decoding=\"async\" src=\"https:\/\/sfo2.digitaloceanspaces.com\/eruditus\/unoxuno\/wp-content\/uploads\/2019\/10\/15181353\/youtube.png\" sizes=\"auto, (max-width: 46px) 100vw, 46px\" srcset=\"https:\/\/sfo2.digitaloceanspaces.com\/eruditus\/unoxuno\/wp-content\/uploads\/2019\/10\/15181353\/youtube.png 128w, https:\/\/sfo2.digitaloceanspaces.com\/eruditus\/unoxuno\/wp-content\/uploads\/2019\/10\/15181353\/youtube-100x100.png 100w\" alt=\"\" width=\"46\" height=\"46\" \/><\/a><\/center>&nbsp;<\/p>\n<p style=\"text-align: center;\">PBX: (57) 601 745 75 45<\/p>\n<p style=\"text-align: center;\"><strong>Customer service<\/strong><br \/>\nCel: +57 3336029111<\/p>\n<p style=\"text-align: center;\">info.persianas@unoxuno.com.co<\/p>\n<p style=\"text-align: center;\"><strong>Financial and portfolio<\/strong><br \/>\nCel: +57 317 4096451<br \/>\npersianas@unoxuno.com.co<\/p>\n<p style=\"text-align: center;\"><strong>Jefatura Comercial<\/strong><br \/>\njuliana.giraldo@unoxuno.com.co<\/p>\n<p style=\"text-align: center;\"><strong>Headquarters<\/strong><br \/>\nCarrera 44 # 6 - 32<br \/>\nBogot\u00e1 D.C, Colombia, South America<\/p>\n<p style=\"text-align: center;\"><a style=\"color: #ffffff;\" href=\"https:\/\/unoxuno.com.co\/terminos-y-condiciones\/\" target=\"_blank\" rel=\"noopener noreferrer\">Terms and conditions of our website<\/a> &#8211; <a style=\"color: #ffffff;\" href=\"https:\/\/unoxuno.com.co\/politicas-de-privacidad\" target=\"_blank\" rel=\"noopener noreferrer\">Privacy Policy Uno x Uno - <\/a><a style=\"color: #ffffff;\" href=\"https:\/\/persianasunoxuno.com.co\/en\/politicas-de-seguridad-y-garantia\/\">Security and warranty policies<\/a><\/p>","protected":false},"excerpt":{"rendered":"<p>Contacto \u00c1lvaro Maya. Gerente Comercial Internacional N\u00famero de tel\u00e9fono +57 3162904440. Correo electr\u00f3nico: alvaro.maya@unoxuno.com.co S\u00edguenos \u00a0 \u00a0 \u00a0&nbsp; PBX: (57) 601 745 75 45 Servicio al cliente Cel: +57 3336029111 info.persianas@unoxuno.com.co Financiero y cartera Cel: +57 317 4096451 persianas@unoxuno.com.co Jefatura Comercial juliana.giraldo@unoxuno.com.co Direcci\u00f3n F\u00e1brica Carrera 44 # 6 \u2013 32 Bogot\u00e1 DC, Colombia T\u00e9rminos y&hellip;<\/p>","protected":false},"author":1,"featured_media":0,"parent":0,"menu_order":0,"comment_status":"closed","ping_status":"closed","template":"","meta":{"footnotes":""},"class_list":["post-406","page","type-page","status-publish","hentry"],"_links":{"self":[{"href":"https:\/\/persianasunoxuno.com.co\/en\/wp-json\/wp\/v2\/pages\/406","targetHints":{"allow":["GET"]}}],"collection":[{"href":"https:\/\/persianasunoxuno.com.co\/en\/wp-json\/wp\/v2\/pages"}],"about":[{"href":"https:\/\/persianasunoxuno.com.co\/en\/wp-json\/wp\/v2\/types\/page"}],"author":[{"embeddable":true,"href":"https:\/\/persianasunoxuno.com.co\/en\/wp-json\/wp\/v2\/users\/1"}],"replies":[{"embeddable":true,"href":"https:\/\/persianasunoxuno.com.co\/en\/wp-json\/wp\/v2\/comments?post=406"}],"version-history":[{"count":1,"href":"https:\/\/persianasunoxuno.com.co\/en\/wp-json\/wp\/v2\/pages\/406\/revisions"}],"predecessor-version":[{"id":3003,"href":"https:\/\/persianasunoxuno.com.co\/en\/wp-json\/wp\/v2\/pages\/406\/revisions\/3003"}],"wp:attachment":[{"href":"https:\/\/persianasunoxuno.com.co\/en\/wp-json\/wp\/v2\/media?parent=406"}],"curies":[{"name":"wp","href":"https:\/\/api.w.org\/{rel}","templated":true}]}}