{"id":443,"date":"2019-12-24T11:13:48","date_gmt":"2019-12-24T11:13:48","guid":{"rendered":"https:\/\/persianasunoxuno.com.co\/?page_id=443"},"modified":"2025-10-08T19:51:59","modified_gmt":"2025-10-08T18:51:59","slug":"nueva-coleccion","status":"publish","type":"page","link":"https:\/\/persianasunoxuno.com.co\/en\/nueva-coleccion\/","title":{"rendered":"New collection"},"content":{"rendered":"<p>&nbsp;<\/p>\n\n\n\n\n\n\n<h1><strong>NEW COLLECTION<\/strong><\/h1>\n\n\n\n\t\t\t\t\t\t\t<a href=\"https:\/\/persianasunoxuno.com.co\/en\/product-category\/sheer\/nueva-coleccion-sheer\/\" target=\"_self\">\n\t\t\t\t\t\t\t\t\t\t<h2>ZEBRA BLINDS<\/h2>\n\t\t\t\t\t\t\t\t<p>_______<\/p>\t\t\t\t\t\t\t\n\t\t\t\t\t\t\t\t\t<\/a>\n\t\t\t\t\t\t\t<a href=\"https:\/\/persianasunoxuno.com.co\/en\/product-category\/screen\/nueva-coleccion-screen\/\" target=\"_self\">\n\t\t\t\t\t\t\t\t\t\t<h2>SOLAR<\/h2>\n\t\t\t\t\t\t\t\t<p>_______<\/p>\t\t\t\t\t\t\t\n\t\t\t\t\t\t\t\t\t<\/a>\n\t\t\t\t\t\t\t<a href=\"https:\/\/persianasunoxuno.com.co\/en\/product-category\/decorativa\/nueva-coleccion-decorativa\/\" target=\"_self\">\n\t\t\t\t\t\t\t\t\t\t<h2>LIGHT FILTERING<\/h2>\n\t\t\t\t\t\t\t\t<p>_______<\/p>\t\t\t\t\t\t\t\n\t\t\t\t\t\t\t\t\t<\/a>\n\t\t\t\t\t\t\t<a href=\"https:\/\/persianasunoxuno.com.co\/en\/product-category\/blackout\/nueva-coleccion-blackout\/\" target=\"_self\">\n\t\t\t\t\t\t\t\t\t\t<h2>BLACKOUT<\/h2>\n\t\t\t\t\t\t\t\t<p>_______<\/p>\t\t\t\t\t\t\t\n\t\t\t\t\t\t\t\t\t<\/a>\n\t<p><strong>Follow us<\/strong><\/p>\n\t<center><a href=\"https:\/\/www.facebook.com\/TextilesUnoxUno\/\">&nbsp; &nbsp; &nbsp;<\/a><a href=\"https:\/\/www.facebook.com\/TextilesUnoxUno\/\" target=\"_blank\" rel=\"noopener\"><img loading=\"lazy\" decoding=\"async\" src=\"https:\/\/sfo2.digitaloceanspaces.com\/eruditus\/unoxuno\/wp-content\/uploads\/2019\/10\/15181330\/facebook.png\" alt=\"\" width=\"46\" height=\"46\" srcset=\"https:\/\/sfo2.digitaloceanspaces.com\/eruditus\/unoxuno\/wp-content\/uploads\/2019\/10\/15181330\/facebook.png 128w, https:\/\/sfo2.digitaloceanspaces.com\/eruditus\/unoxuno\/wp-content\/uploads\/2019\/10\/15181330\/facebook-100x100.png 100w\" sizes=\"auto, (max-width: 46px) 100vw, 46px\"\/><\/a><a href=\"https:\/\/www.instagram.com\/textilesunoxuno\/\" target=\"_blank\" rel=\"noopener\"><img loading=\"lazy\" decoding=\"async\" src=\"https:\/\/sfo2.digitaloceanspaces.com\/eruditus\/unoxuno\/wp-content\/uploads\/2019\/10\/15181349\/instagram.png\" alt=\"\" width=\"43\" height=\"43\" srcset=\"https:\/\/sfo2.digitaloceanspaces.com\/eruditus\/unoxuno\/wp-content\/uploads\/2019\/10\/15181349\/instagram.png 128w, https:\/\/sfo2.digitaloceanspaces.com\/eruditus\/unoxuno\/wp-content\/uploads\/2019\/10\/15181349\/instagram-100x100.png 100w\" sizes=\"auto, (max-width: 43px) 100vw, 43px\"\/><\/a><a href=\"https:\/\/www.linkedin.com\/company\/23717199\/\" target=\"_blank\" rel=\"noopener\"><img loading=\"lazy\" decoding=\"async\" src=\"https:\/\/sfo2.digitaloceanspaces.com\/eruditus\/unoxuno\/wp-content\/uploads\/2019\/10\/15181345\/linkedin.png\" alt=\"\" width=\"47\" height=\"47\" srcset=\"https:\/\/sfo2.digitaloceanspaces.com\/eruditus\/unoxuno\/wp-content\/uploads\/2019\/10\/15181345\/linkedin.png 128w, https:\/\/sfo2.digitaloceanspaces.com\/eruditus\/unoxuno\/wp-content\/uploads\/2019\/10\/15181345\/linkedin-100x100.png 100w\" sizes=\"auto, (max-width: 47px) 100vw, 47px\"\/><\/a><a href=\"https:\/\/www.youtube.com\/channel\/UCDCote3H1Vk2L1aJyscR_RQ\/videos\" target=\"_blank\" rel=\"noopener\"><img loading=\"lazy\" decoding=\"async\" src=\"https:\/\/sfo2.digitaloceanspaces.com\/eruditus\/unoxuno\/wp-content\/uploads\/2019\/10\/15181353\/youtube.png\" alt=\"\" width=\"46\" height=\"46\" srcset=\"https:\/\/sfo2.digitaloceanspaces.com\/eruditus\/unoxuno\/wp-content\/uploads\/2019\/10\/15181353\/youtube.png 128w, https:\/\/sfo2.digitaloceanspaces.com\/eruditus\/unoxuno\/wp-content\/uploads\/2019\/10\/15181353\/youtube-100x100.png 100w\" sizes=\"auto, (max-width: 46px) 100vw, 46px\"\/><\/a><\/center>\n\t<p><img loading=\"lazy\" decoding=\"async\" src=\"https:\/\/sfo2.digitaloceanspaces.com\/eruditus\/persianas\/PERSIANAS_White-300x150.png\" alt=\"\" width=\"300\" height=\"150\" \/><\/p>\n\t<p><strong>Customer service<\/strong><\/p>\n<strong>Cell phones:<\/strong><br \/>\n316 5247530\u00a0&#8211;\u00a0316 5217450<br \/>\n3172223549\u00a0&#8211;\u00a03176383415\n<p><strong>PBX:<\/strong> (601) 1 745 75 45<\/p>\n\tinfo.persianas@unoxuno.com.co<br \/>\nalvaro.parra@unoxuno.com.co\n<strong>Financial and portfolio<\/strong><br \/>\nMobile: 317 4096451<br \/>\npersianas@unoxuno.com.co\n\t<strong>International Sales Directo<\/strong><br \/>\nalejandro.salcedo@unoxuno.com.co\n<strong>Headquarters<\/strong><br \/>\nCarrera 65a # 18a - 42\n<p>Bogota<\/p>\n\t<p><a href=\"https:\/\/unoxuno.com.co\/terminos-y-condiciones\/\" target=\"_blank\" rel=\"noopener\">Terms and conditions of our website<\/a> &#8211; <a href=\"https:\/\/unoxuno.com.co\/politicas-de-privacidad\" target=\"_blank\" rel=\"noopener\">Privacy Policy Uno x Uno - <\/a><a href=\"https:\/\/persianasunoxuno.com.co\/en\/politicas-de-seguridad-y-garantia\/\">Security and warranty policies<\/a><\/p>","protected":false},"excerpt":{"rendered":"<p>&nbsp; NUEVA COLECCI\u00d3N SHEER _______ SCREEN _______ DECORATIVA _______ BLACKOUT _______ S\u00edguenos &nbsp; &nbsp; &nbsp; Servicio al cliente Celulares: 316 5247530\u00a0&#8211;\u00a0316 5217450 3172223549\u00a0&#8211;\u00a03176383415 PBX: (601) 1 745 75 45 info.persianas@unoxuno.com.co alvaro.parra@unoxuno.com.co Financiero y cartera Cel: 317 4096451 persianas@unoxuno.com.co Gerencia Comercial alejandro.salcedo@unoxuno.com.co Direcci\u00f3n F\u00e1brica Carrera 65a # 18a &#8211; 42 Bogot\u00e1. T\u00e9rminos y condiciones de nuestra&hellip;<\/p>","protected":false},"author":1,"featured_media":0,"parent":0,"menu_order":0,"comment_status":"closed","ping_status":"closed","template":"","meta":{"footnotes":""},"class_list":["post-443","page","type-page","status-publish","hentry"],"_links":{"self":[{"href":"https:\/\/persianasunoxuno.com.co\/en\/wp-json\/wp\/v2\/pages\/443","targetHints":{"allow":["GET"]}}],"collection":[{"href":"https:\/\/persianasunoxuno.com.co\/en\/wp-json\/wp\/v2\/pages"}],"about":[{"href":"https:\/\/persianasunoxuno.com.co\/en\/wp-json\/wp\/v2\/types\/page"}],"author":[{"embeddable":true,"href":"https:\/\/persianasunoxuno.com.co\/en\/wp-json\/wp\/v2\/users\/1"}],"replies":[{"embeddable":true,"href":"https:\/\/persianasunoxuno.com.co\/en\/wp-json\/wp\/v2\/comments?post=443"}],"version-history":[{"count":2,"href":"https:\/\/persianasunoxuno.com.co\/en\/wp-json\/wp\/v2\/pages\/443\/revisions"}],"predecessor-version":[{"id":2775,"href":"https:\/\/persianasunoxuno.com.co\/en\/wp-json\/wp\/v2\/pages\/443\/revisions\/2775"}],"wp:attachment":[{"href":"https:\/\/persianasunoxuno.com.co\/en\/wp-json\/wp\/v2\/media?parent=443"}],"curies":[{"name":"wp","href":"https:\/\/api.w.org\/{rel}","templated":true}]}}