{"id":786,"date":"2020-02-11T11:32:11","date_gmt":"2020-02-11T11:32:11","guid":{"rendered":"https:\/\/persianasunoxuno.com.co\/?page_id=786"},"modified":"2025-03-03T14:58:10","modified_gmt":"2025-03-03T14:58:10","slug":"fichas-tecnicas","status":"publish","type":"page","link":"https:\/\/persianasunoxuno.com.co\/en\/fichas-tecnicas\/","title":{"rendered":"Technical data sheets"},"content":{"rendered":"<p>&nbsp;<\/p>\r\n<p>&nbsp;<\/p>\r\n<p>&nbsp;<\/p>\r\n<p>&nbsp;<\/p>\r\n<p>&nbsp;<\/p>\r\n<p>&nbsp;<\/p>\r\n<p><b>Digital Catalog of Blinds<\/b><\/p>\r\n<p>&nbsp;<\/p>\r\n<p>&nbsp;<\/p>\r\n<p><a href=\"https:\/\/nyc3.digitaloceanspaces.com\/persianasunoxuno\/FICHA-TECNICA-TELAS-2025.pdf\">FICHA TECNICA TELAS 2025<\/a><\/p>\r\n<p>&nbsp;<\/p>\r\n<p><strong>Follow us<\/strong><\/p>\r\n<center><a href=\"https:\/\/www.facebook.com\/TextilesUnoxUno\/\">\u00a0 \u00a0 \u00a0<\/a><a href=\"https:\/\/www.facebook.com\/TextilesUnoxUno\/\" target=\"_blank\" rel=\"noopener\"><img loading=\"lazy\" decoding=\"async\" src=\"https:\/\/sfo2.digitaloceanspaces.com\/eruditus\/unoxuno\/wp-content\/uploads\/2019\/10\/15181330\/facebook.png\" sizes=\"auto, (max-width: 46px) 100vw, 46px\" srcset=\"https:\/\/sfo2.digitaloceanspaces.com\/eruditus\/unoxuno\/wp-content\/uploads\/2019\/10\/15181330\/facebook.png 128w, https:\/\/sfo2.digitaloceanspaces.com\/eruditus\/unoxuno\/wp-content\/uploads\/2019\/10\/15181330\/facebook-100x100.png 100w\" alt=\"\" width=\"46\" height=\"46\" \/><\/a><a href=\"https:\/\/www.instagram.com\/textilesunoxuno\/\" target=\"_blank\" rel=\"noopener\"><img loading=\"lazy\" decoding=\"async\" src=\"https:\/\/sfo2.digitaloceanspaces.com\/eruditus\/unoxuno\/wp-content\/uploads\/2019\/10\/15181349\/instagram.png\" sizes=\"auto, (max-width: 43px) 100vw, 43px\" srcset=\"https:\/\/sfo2.digitaloceanspaces.com\/eruditus\/unoxuno\/wp-content\/uploads\/2019\/10\/15181349\/instagram.png 128w, https:\/\/sfo2.digitaloceanspaces.com\/eruditus\/unoxuno\/wp-content\/uploads\/2019\/10\/15181349\/instagram-100x100.png 100w\" alt=\"\" width=\"43\" height=\"43\" \/><\/a><a href=\"https:\/\/www.linkedin.com\/company\/23717199\/\" target=\"_blank\" rel=\"noopener\"><img loading=\"lazy\" decoding=\"async\" src=\"https:\/\/sfo2.digitaloceanspaces.com\/eruditus\/unoxuno\/wp-content\/uploads\/2019\/10\/15181345\/linkedin.png\" sizes=\"auto, (max-width: 47px) 100vw, 47px\" srcset=\"https:\/\/sfo2.digitaloceanspaces.com\/eruditus\/unoxuno\/wp-content\/uploads\/2019\/10\/15181345\/linkedin.png 128w, https:\/\/sfo2.digitaloceanspaces.com\/eruditus\/unoxuno\/wp-content\/uploads\/2019\/10\/15181345\/linkedin-100x100.png 100w\" alt=\"\" width=\"47\" height=\"47\" \/><\/a><a href=\"https:\/\/www.youtube.com\/channel\/UCDCote3H1Vk2L1aJyscR_RQ\/videos\" target=\"_blank\" rel=\"noopener\"><img loading=\"lazy\" decoding=\"async\" src=\"https:\/\/sfo2.digitaloceanspaces.com\/eruditus\/unoxuno\/wp-content\/uploads\/2019\/10\/15181353\/youtube.png\" sizes=\"auto, (max-width: 46px) 100vw, 46px\" srcset=\"https:\/\/sfo2.digitaloceanspaces.com\/eruditus\/unoxuno\/wp-content\/uploads\/2019\/10\/15181353\/youtube.png 128w, https:\/\/sfo2.digitaloceanspaces.com\/eruditus\/unoxuno\/wp-content\/uploads\/2019\/10\/15181353\/youtube-100x100.png 100w\" alt=\"\" width=\"46\" height=\"46\" \/><\/a><\/center>\r\n<p><img loading=\"lazy\" decoding=\"async\" src=\"https:\/\/sfo2.digitaloceanspaces.com\/eruditus\/persianas\/PERSIANAS_White-300x150.png\" alt=\"\" width=\"300\" height=\"150\" \/><\/p>\r\n<p><strong>Customer service<\/strong><\/p>\r\n<p><strong>Cell phones:<\/strong><br \/>316 5247530\u00a0&#8211;\u00a0316 5217450<br \/>3172223549\u00a0&#8211;\u00a03176383415<\/p>\r\n<p><strong>PBX:<\/strong> (601) 1 745 75 45<\/p>\r\n<p>info.persianas@unoxuno.com.co<br \/>clientes.persianas2@unoxuno.com.co<br \/>clientes.persianas@unoxuno.com.co <strong>Financial and portfolio<\/strong><br \/>Mobile: 317 4096451<br \/>persianas@unoxuno.com.co <strong>International Sales Directo<\/strong><br \/>alejandro.salcedo@unoxuno.com.co <strong>Headquarters<\/strong><br \/>Carrera 65a # 18a - 42<\/p>\r\n<p>Bogota<\/p>\r\n<p>Terms and conditions of our website - Privacy Policy Uno x Uno<\/p>","protected":false},"excerpt":{"rendered":"<p>&nbsp; &nbsp; &nbsp; &nbsp; &nbsp; &nbsp; Cat\u00e1logo Digital de Persianas &nbsp; &nbsp; FICHA TECNICA TELAS 2025 &nbsp; S\u00edguenos \u00a0 \u00a0 \u00a0 Servicio al cliente Celulares:316 5247530\u00a0&#8211;\u00a0316 52174503172223549\u00a0&#8211;\u00a03176383415 PBX: (601) 1 745 75 45 info.persianas@unoxuno.com.coclientes.persianas2@unoxuno.com.coclientes.persianas@unoxuno.com.co Financiero y carteraCel: 317 4096451persianas@unoxuno.com.co Gerencia Comercialalejandro.salcedo@unoxuno.com.co Direcci\u00f3n F\u00e1bricaCarrera 65a # 18a &#8211; 42 Bogot\u00e1. T\u00e9rminos y condiciones de nuestra p\u00e1gina&hellip;<\/p>","protected":false},"author":1,"featured_media":0,"parent":0,"menu_order":0,"comment_status":"closed","ping_status":"closed","template":"","meta":{"footnotes":""},"class_list":["post-786","page","type-page","status-publish","hentry"],"_links":{"self":[{"href":"https:\/\/persianasunoxuno.com.co\/en\/wp-json\/wp\/v2\/pages\/786","targetHints":{"allow":["GET"]}}],"collection":[{"href":"https:\/\/persianasunoxuno.com.co\/en\/wp-json\/wp\/v2\/pages"}],"about":[{"href":"https:\/\/persianasunoxuno.com.co\/en\/wp-json\/wp\/v2\/types\/page"}],"author":[{"embeddable":true,"href":"https:\/\/persianasunoxuno.com.co\/en\/wp-json\/wp\/v2\/users\/1"}],"replies":[{"embeddable":true,"href":"https:\/\/persianasunoxuno.com.co\/en\/wp-json\/wp\/v2\/comments?post=786"}],"version-history":[{"count":3,"href":"https:\/\/persianasunoxuno.com.co\/en\/wp-json\/wp\/v2\/pages\/786\/revisions"}],"predecessor-version":[{"id":2463,"href":"https:\/\/persianasunoxuno.com.co\/en\/wp-json\/wp\/v2\/pages\/786\/revisions\/2463"}],"wp:attachment":[{"href":"https:\/\/persianasunoxuno.com.co\/en\/wp-json\/wp\/v2\/media?parent=786"}],"curies":[{"name":"wp","href":"https:\/\/api.w.org\/{rel}","templated":true}]}}